{"id":263,"date":"2014-12-22T14:31:32","date_gmt":"2014-12-22T13:31:32","guid":{"rendered":"https:\/\/2015.cologne.wordcamp.org\/?page_id=263"},"modified":"2015-05-19T09:26:27","modified_gmt":"2015-05-19T07:26:27","slug":"info","status":"publish","type":"page","link":"https:\/\/cologne.wordcamp.org\/2015\/info\/","title":{"rendered":"Info"},"content":{"rendered":"<p>Alle wichtigen Informationen rund um das WordCamp Cologne MMXV werden auf den folgenden Seiten in den n\u00e4chsten Monaten bis zum WordCamp bereitgestellt. Bitte schau hier einfach regelm\u00e4\u00dfig vorbei oder abonnier den <a title=\"Newsletter\" href=\"https:\/\/2015.cologne.wordcamp.org\/kontakt\/newsletter\/\">Newsletter<\/a>.<\/p>\n<h4>Auf einen Blick<\/h4>\n<table>\n<tbody>\n<tr>\n<td>Freitag<\/td>\n<td>05.06.2015<\/td>\n<td>ab 19:00 Uhr<\/td>\n<td>Warm-Up<\/td>\n<\/tr>\n<tr>\n<td>Samstag<\/td>\n<td>06.06.2015<\/td>\n<td>09:00 \u2013 18:00 Uhr<\/td>\n<td>WordCamp Tag 1<\/td>\n<\/tr>\n<tr>\n<td>Samstag<\/td>\n<td>06.06.2015<\/td>\n<td>ab 19:00 Uhr<\/td>\n<td>Community-Party<\/td>\n<\/tr>\n<tr>\n<td>Sonntag<\/td>\n<td>07.06.2015<\/td>\n<td>09:30 \u2013 18:00 Uhr<\/td>\n<td>WordCamp Tag 2<\/td>\n<\/tr>\n<tr>\n<td>Montag<\/td>\n<td>08.06.2015<\/td>\n<td>10:00 \u2013 18:00 Uhr<\/td>\n<td>Contributor-Day<\/td>\n<\/tr>\n<\/tbody>\n<\/table>\n<h4>Was ist ein WordCamp?<\/h4>\n<p>Ein WordCamp ist eine lockere Konferenz im Stile eines BarCamps zu allen erdenklichen Themen rund um <a title=\"WordPress.org\" href=\"http:\/\/wordpress.org\">WordPress<\/a>. WordCamps finden <a href=\"http:\/\/central.wordcamp.org\/schedule\/\">rund um den Globus<\/a> statt, sind lokal organisiert und werden von der <a href=\"http:\/\/wordpressfoundation.org\/\">WordPress Foundation <\/a>unterst\u00fctzt.<\/p>\n<h4>An wen richtet sich das WordCamp Cologne?<\/h4>\n<p>Unsere Zielgruppe sind WordPress-Begeisterte aus den Bereichen Entwicklung, Design, Marketing, Journalismus, Blogging und vielen weiteren Disziplinen, die im privaten oder beruflichen Kontext WordPress nutzen.<\/p>\n<p>Es geht darum WordPress besser kennen zu lernen, Wissen zu vertiefen, Teilbereiche intensiver zu betrachten, sich auszutauschen, Leute zu treffen, Spa\u00df zu haben, zu netzwerken und vieles mehr.<\/p>\n<h4>Wo und wann findet das WordCamp Cologne statt?<\/h4>\n<p>Das WordCamp Cologne wird vom 06. bis 07. Juni 2015 im H\u00f6rsaalgeb\u00e4ude der Universit\u00e4t zu K\u00f6ln stattfinden.<\/p>\n<p>Universit\u00e4t K\u00f6ln, H\u00f6rsaalgeb\u00e4ude Nr. 105,\u00a0Universit\u00e4tsstra\u00dfe 35, 50931 K\u00f6ln<\/p>\n<div class=\"googlemaps\"><div class=\"googlemaps\">\n\t\t\t\t<iframe loading=\"lazy\" width=\"800\" height=\"600\" frameborder=\"0\" scrolling=\"no\" marginheight=\"0\" marginwidth=\"0\"  src=\"https:\/\/www.google.com\/maps\/embed?pb=!1m14!1m8!1m3!1d2514.8168021460833!2d6.928180299999999!3d50.9271058!3m2!1i1024!2i768!4f13.1!3m3!1m2!1s0x47bf24e335050719:0xc23ad31424441f2f!2zVW5pdmVyc2l0w6R0c3N0cmHDn2UgMzUsIDUwOTMxIEvDtmxu!5e0!3m2!1sde!2sde!4v1420721110879\"><\/iframe>\n\t\t\t<\/div><\/div>\n<h4>Mu\u00df ich mich anmelden?<\/h4>\n<p>F\u00fcr den Besuch des WordCamps ist ein Ticket notwendig, dieses ist fr\u00fchestens zwei Monate vor der Veranstaltung \u00fcber diese WebSite erh\u00e4ltlich.<\/p>\n<h4>Ab wann startet der Ticketverkauf?<\/h4>\n<p>Der Ticketverkauf beginnt am 24. April 2015 um 11:11 Uhr und endet, sobald alle Tickets verkauft sind, sp\u00e4testens jedoch am 31. Mai 2015.<\/p>\n<h4>Ist die Anzahl der Tickets begrenzt?<\/h4>\n<p>Ja, die Anzahl der Teilnehmer ist auf 350 Personen begrenzt.<\/p>\n<h4>Kann ich das Ticket auch ohne PayPal-Account bezahlen?<\/h4>\n<p>Es gibt bei PayPal die M\u00f6glichkeit als Gast per Kreditkarte oder Lastschrift zu zahlen. Eine M\u00f6glichkeit komplett ohne PayPal zu bezahlen gibt es leider nicht, da die Zahlung an die WordPress Foundation mit Sitz in den USA geht.<\/p>\n<h4>Muss ich das Ticket zum WordCamp ausgedruckt mitbringen?<\/h4>\n<p>Nein. Das ist nicht notwendig. Wir haben eine Liste aller registrierter Anmeldungen beim Check-In. Wenn du dich in der Liste der Teilnehmenden wiederfindest ist alles gebongt.<\/p>\n<h4>Gibt es eine offizielle Rechnung, die ich f\u00fcr die Steuer nutzen kann?<\/h4>\n<p>Nein, leider nicht. Das genutzte Plugin <a href=\"http:\/\/wordpress.org\/plugins\/camptix\/\">CampTix<\/a> gibt weder eine Umsatzsteuer aus, noch eine offizielle Rechnung. Wir k\u00f6nnen hierbei auch nicht helfen, denn der offizielle Veranstalter ist die <a href=\"http:\/\/wordpressfoundation.org\/\">WordPress Foundation<\/a> aus den USA und nicht wir. Diese ist steuerbefreit, aber nur in den USA und nicht in Deutschland. Eine Spende im deutschen Rechtssinne ist es nicht, <a href=\"http:\/\/www.vereinsbesteuerung.info\/leitfaden_spende.htm\">da eine Gegenleistung erfolgt<\/a>. Umsatzsteuer w\u00e4re, wenn \u00fcberhaupt dann vom Leistungsempf\u00e4nger in Deutschland zu zahlen, der den gleichen Betrag wiederum als Vorsteuer <a href=\"http:\/\/www.frag-einen-anwalt.de\/MwSt-auf-US-Rechnung---f2585.html\">geltend machen kann<\/a>. Bleibt also h\u00f6chstens die Betriebsausgabe, die in diesem Fall leider nur durch den Kontoauszug belegt werden kann. (Alle Angaben ohne Gew\u00e4hr, das ist keine Rechtsberatung \u2013 wer einen Anwalt\/Steuerberater fragt und wir falsch liegen sollten \u2013 wir freuen uns \u00fcber Infos!)<\/p>\n<h4>In welcher Sprache findet das WordCamp Cologne statt?<\/h4>\n<p>Der Gro\u00dfteil der Sessions wird auf Deutsch gehalten. Wir haben uns f\u00fcr Deutsch als Hauptsprache f\u00fcr das Camp entschieden, da das WordCamp Cologne ein lokales Event mit Fokus auf der deutschsprachigen Community ist. Es wird f\u00fcr unsere internationalen Speaker und TeilnehmerInnen einen englischsprachigen Track geben.<\/p>\n<h4>Language notice for international visitors<\/h4>\n<p>Cologne traditionally is a cosmopolitan city and most Germans at least understand English pretty well. However, WordCamp Cologne is a local event with focus on the German-speaking community, and we hope you don\u2019t feel lost. You can find more information for international visitors on our\u00a0page &#8222;<a title=\"Don\u2019t speak German?\" href=\"https:\/\/2015.cologne.wordcamp.org\/dont-speak-german\/\">Don&#8217;t speak German?<\/a>&#8222;.<\/p>\n","protected":false},"excerpt":{"rendered":"<p>Alle wichtigen Informationen rund um das WordCamp Cologne MMXV werden auf den folgenden Seiten in den n\u00e4chsten Monaten bis zum WordCamp bereitgestellt. Bitte schau hier einfach regelm\u00e4\u00dfig vorbei oder abonnier den Newsletter. Auf einen Blick Freitag 05.06.2015 ab 19:00 Uhr Warm-Up Samstag 06.06.2015 09:00 \u2013 18:00 Uhr WordCamp Tag 1 Samstag 06.06.2015 ab 19:00 Uhr [&hellip;]<\/p>\n","protected":false},"author":6639950,"featured_media":0,"parent":0,"menu_order":80,"comment_status":"closed","ping_status":"open","template":"","meta":{"jetpack_post_was_ever_published":false,"footnotes":""},"class_list":["post-263","page","type-page","status-publish","hentry"],"jetpack_shortlink":"https:\/\/wp.me\/P4MwNV-4f","jetpack_sharing_enabled":true,"_links":{"self":[{"href":"https:\/\/cologne.wordcamp.org\/2015\/wp-json\/wp\/v2\/pages\/263","targetHints":{"allow":["GET"]}}],"collection":[{"href":"https:\/\/cologne.wordcamp.org\/2015\/wp-json\/wp\/v2\/pages"}],"about":[{"href":"https:\/\/cologne.wordcamp.org\/2015\/wp-json\/wp\/v2\/types\/page"}],"author":[{"embeddable":true,"href":"https:\/\/cologne.wordcamp.org\/2015\/wp-json\/wp\/v2\/users\/6639950"}],"replies":[{"embeddable":true,"href":"https:\/\/cologne.wordcamp.org\/2015\/wp-json\/wp\/v2\/comments?post=263"}],"version-history":[{"count":13,"href":"https:\/\/cologne.wordcamp.org\/2015\/wp-json\/wp\/v2\/pages\/263\/revisions"}],"predecessor-version":[{"id":3073,"href":"https:\/\/cologne.wordcamp.org\/2015\/wp-json\/wp\/v2\/pages\/263\/revisions\/3073"}],"wp:attachment":[{"href":"https:\/\/cologne.wordcamp.org\/2015\/wp-json\/wp\/v2\/media?parent=263"}],"curies":[{"name":"wp","href":"https:\/\/api.w.org\/{rel}","templated":true}]}}