{"id":3329,"date":"2015-06-03T09:38:03","date_gmt":"2015-06-03T07:38:03","guid":{"rendered":"https:\/\/2015.cologne.wordcamp.org\/?page_id=3329"},"modified":"2015-06-05T20:19:24","modified_gmt":"2015-06-05T18:19:24","slug":"locations","status":"publish","type":"page","link":"https:\/\/cologne.wordcamp.org\/2015\/locations\/","title":{"rendered":"Locations"},"content":{"rendered":"<p>Hier findet Ihr eine Aufstellung aller Veranstaltungsorte f\u00fcr WordCamp, WarmUp- und Community-Party sowie Contributor Day:<\/p>\n<p>&nbsp;<\/p>\n<h2>WordCamp<\/h2>\n<p>Das WordCamp Cologne findet\u00a0am Samstag, \u00a06. Juni 2015 von 9:00 Uhr bis 18:00 Uhr und Sonntag,\u00a07. Juni 2015 von 9:30 Uhr bis 18:00 Uhr im H\u00f6rsaalgeb\u00e4ude der Universit\u00e4t K\u00f6ln statt:<\/p>\n<p><strong>Universit\u00e4t K\u00f6ln, H\u00f6rsaalgeb\u00e4ude Nr. 105,\u00a0Universit\u00e4tsstra\u00dfe 35, 50931 K\u00f6ln<\/strong><\/p>\n<div class=\"googlemaps\"><div class=\"googlemaps\">\n\t\t\t\t<iframe loading=\"lazy\" width=\"425\" height=\"350\" frameborder=\"0\" scrolling=\"no\" marginheight=\"0\" marginwidth=\"0\"  src=\"https:\/\/www.google.com\/maps\/embed?pb=!1m14!1m8!1m3!1d2514.8168021460833!2d6.928180299999999!3d50.9271058!3m2!1i1024!2i768!4f13.1!3m3!1m2!1s0x47bf24e335050719:0xc23ad31424441f2f!2zVW5pdmVyc2l0w6R0c3N0cmHDn2UgMzUsIDUwOTMxIEvDtmxu!5e0!3m2!1sde!2sde!4v1420721110879\"><\/iframe>\n\t\t\t<\/div><\/div>\n<div class=\"googlemaps\"><\/div>\n<p>Wir empfehlen die Nutzung von <a href=\"http:\/\/www.vrsinfo.de\" target=\"_blank\">\u00f6ffentlichen Verkehrsmitteln<\/a>:\u00a0Vom \u2029Hauptbahnhof\u2029 mit \u2029der \u2029U\u2010Bahn \u2029Linie \u202916 \u2029oder \u202918 \u2029bis\u2029 Neumarkt, \u2029von \u2029dort \u2029mit \u2029der\u2029 Stra\u00dfenbahn\u2029 9 \u2029bis \u2029zur \u2029Haltestelle\u2029 Universit\u00e4t. Ticket\u2010Automaten \u2029gibt \u2029es \u2029sowohl \u2029auf \u2029dem \u2029Bahnsteig\u2029 als \u2029auch\u2029 in\u2029 der \u2029Bahn \u2029selber.\u00a0Die\u2029 Fahrt \u2029dauert \u2029ungef\u00e4hr \u202920 \u2029Minuten. Eine \u2029Taxifahrt \u2029vom\u2029 Hauptbahnhof \u2029zur \u2029Universit\u00e4t\u2029 kostet\u2029 etwa\u2029 13,\u2013 \u2029Euro.<\/p>\n<p>Wer mit dem PKW kommen m\u00f6chte, findet hier einige Informationen:<\/p>\n<ul>\n<li><a href=\"http:\/\/www.portal.uni-koeln.de\/anreise_lageplaene.html\" target=\"_blank\">Allgemeine Infos zur Anreise<\/a><\/li>\n<li><a href=\"http:\/\/www.uni-koeln.de\/uni\/plan\/parkplaetze.html\" target=\"_blank\">Parkplatzplan der Uni<\/a><\/li>\n<li><a href=\"http:\/\/verwaltung.uni-koeln.de\/parkraumbewirtschaftung\/uni_center_parkplatz\/\" target=\"_blank\">N\u00e4chstgelegener \u00f6ffentlicher Parkplatz<\/a><\/li>\n<li><a href=\"http:\/\/verwaltung.uni-koeln.de\/e35469\/e124553\/e125607\/ZN_141013_Lageplan.pdf\" target=\"_blank\">Lageplan<\/a><\/li>\n<\/ul>\n<p>&nbsp;<\/p>\n<h2 id=\"warmup\">WarmUp-Party<\/h2>\n<p>Die WarmUp-Party findet am Freitag, 5. Juni 2015, \u00a0ab 19:00 Uhr in der<br \/>\n<strong><a href=\"http:\/\/www.paeffgen-koelsch.de\/\" target=\"_blank\">Hausbrauerei P\u00e4ffgen<\/a>,\u00a0Friesenstra\u00dfe 64-66, 50670 K\u00f6ln<\/strong> statt.<\/p>\n<p>(Bitte <strong>nicht<\/strong> mit dem P\u00e4ffgen in der <strong>Altstadt<\/strong> verwechseln!)<\/p>\n<div class=\"googlemaps\">\n\t\t\t\t<iframe loading=\"lazy\" width=\"425\" height=\"350\" frameborder=\"0\" scrolling=\"no\" marginheight=\"0\" marginwidth=\"0\"  src=\"https:\/\/www.google.com\/maps\/embed?pb=!1m18!1m12!1m3!1d628.5186660102567!2d6.941568592590336!3d50.94083222462341!2m3!1f0!2f0!3f0!3m2!1i1024!2i768!4f13.1!3m3!1m2!1s0x0:0xdc3816d262b1722f!2sBrauerei%20P\u00e4ffgen!5e0!3m2!1sde!2sde!4v1433314925783\"><\/iframe>\n\t\t\t<\/div>\n<p>&nbsp;<\/p>\n<h2 id=\"community\">Community-Party<\/h2>\n<p>Die Community-Party findet am Samstag, 6. Juni 2015, ab 19:00 Uhr im <strong>BahnSalon<\/strong>, H\u00f6ninger Weg 2a, 50969 K\u00f6ln statt.<\/p>\n<div class=\"googlemaps\">\n\t\t\t\t<iframe loading=\"lazy\" width=\"425\" height=\"350\" frameborder=\"0\" scrolling=\"no\" marginheight=\"0\" marginwidth=\"0\"  src=\"https:\/\/www.google.com\/maps\/embed?pb=!1m14!1m8!1m3!1d10060.385540887437!2d6.941683!3d50.921934!3m2!1i1024!2i768!4f13.1!3m3!1m2!1s0x0:0xfac665af7bd74331!2sBahnSalon%20-%20ABS%20Catering!5e0!3m2!1sde!2sde!4v1433528157388\"><\/iframe>\n\t\t\t<\/div>\n<h2 id=\"contributor\">Contributor Day<\/h2>\n<p>Der Contributor Day findet am Montag, 8. Juni 2015 von 10:00 Uhr bis 18:00 Uhr im<br \/>\n<strong><a href=\"http:\/\/www.startplatz.de\" target=\"_blank\" rel=\"nofollow\">STARTPLATZ<\/a>, Im Mediapark 5, 50670 K\u00f6ln<\/strong> statt.<\/p>\n<div class=\"googlemaps\">\n\t\t\t\t<iframe loading=\"lazy\" width=\"425\" height=\"350\" frameborder=\"0\" scrolling=\"no\" marginheight=\"0\" marginwidth=\"0\"  src=\"https:\/\/www.google.com\/maps\/embed?pb=!1m18!1m12!1m3!1d2513.6612220617735!2d6.944990000000012!3d50.948477999999994!2m3!1f0!2f0!3f0!3m2!1i1024!2i768!4f13.1!3m3!1m2!1s0x47bf250a6afc03e1:0xc0d104835c36fec4!2sIm%20Mediapark%205,%2050670%20K\u00f6ln!5e0!3m2!1sde!2sde!4v1433315335856\"><\/iframe>\n\t\t\t<\/div>\n<p>&nbsp;<\/p>\n<p><strong>F\u00fcr alle Veranstaltungen ben\u00f6tigst Du ein Ticket. Es gibt keine Tageskasse vor Ort.<\/strong><\/p>\n<p>Wir w\u00fcnschen Dir eine gute und sichere An- und Abreise. Pass auf Dich auf.<\/p>\n","protected":false},"excerpt":{"rendered":"<p>Hier findet Ihr eine Aufstellung aller Veranstaltungsorte f\u00fcr WordCamp, WarmUp- und Community-Party sowie Contributor Day: &nbsp; WordCamp Das WordCamp Cologne findet\u00a0am Samstag, \u00a06. Juni 2015 von 9:00 Uhr bis 18:00 Uhr und Sonntag,\u00a07. Juni 2015 von 9:30 Uhr bis 18:00 Uhr im H\u00f6rsaalgeb\u00e4ude der Universit\u00e4t K\u00f6ln statt: Universit\u00e4t K\u00f6ln, H\u00f6rsaalgeb\u00e4ude Nr. 105,\u00a0Universit\u00e4tsstra\u00dfe 35, 50931 K\u00f6ln [&hellip;]<\/p>\n","protected":false},"author":6639950,"featured_media":0,"parent":0,"menu_order":0,"comment_status":"open","ping_status":"open","template":"","meta":{"jetpack_post_was_ever_published":false,"footnotes":""},"class_list":["post-3329","page","type-page","status-publish","hentry"],"jetpack_shortlink":"https:\/\/wp.me\/P4MwNV-RH","jetpack_sharing_enabled":true,"_links":{"self":[{"href":"https:\/\/cologne.wordcamp.org\/2015\/wp-json\/wp\/v2\/pages\/3329","targetHints":{"allow":["GET"]}}],"collection":[{"href":"https:\/\/cologne.wordcamp.org\/2015\/wp-json\/wp\/v2\/pages"}],"about":[{"href":"https:\/\/cologne.wordcamp.org\/2015\/wp-json\/wp\/v2\/types\/page"}],"author":[{"embeddable":true,"href":"https:\/\/cologne.wordcamp.org\/2015\/wp-json\/wp\/v2\/users\/6639950"}],"replies":[{"embeddable":true,"href":"https:\/\/cologne.wordcamp.org\/2015\/wp-json\/wp\/v2\/comments?post=3329"}],"version-history":[{"count":24,"href":"https:\/\/cologne.wordcamp.org\/2015\/wp-json\/wp\/v2\/pages\/3329\/revisions"}],"predecessor-version":[{"id":3608,"href":"https:\/\/cologne.wordcamp.org\/2015\/wp-json\/wp\/v2\/pages\/3329\/revisions\/3608"}],"wp:attachment":[{"href":"https:\/\/cologne.wordcamp.org\/2015\/wp-json\/wp\/v2\/media?parent=3329"}],"curies":[{"name":"wp","href":"https:\/\/api.w.org\/{rel}","templated":true}]}}