{"id":493,"date":"2015-01-14T10:24:31","date_gmt":"2015-01-14T09:24:31","guid":{"rendered":"https:\/\/2015.cologne.wordcamp.org\/?page_id=493"},"modified":"2015-03-31T17:35:08","modified_gmt":"2015-03-31T15:35:08","slug":"dont-speak-german","status":"publish","type":"page","link":"https:\/\/cologne.wordcamp.org\/2015\/dont-speak-german\/","title":{"rendered":"Don&#8217;t speak German?"},"content":{"rendered":"<p>You don\u2019t speak German? \u2013 No problem! You are very welcome!<\/p>\n<p>This page is dedicated to inform all non-German speaking attendees of the WordCamp Cologne 2015.<\/p>\n<h2><b>Language<\/b><\/h2>\n<p>Cologne traditionally is a cosmopolitan city and most Germans at least understand English pretty well. However, WordCamp Cologne is a local event with focus on the German-speaking community, and we hope you don&#8217;t feel lost.<\/p>\n<p>Yet we will try our best to make you feel at home. Therefore we will offer three parallel tracks on the two days, one exclusively in English.<\/p>\n<h2><b>Speakers<\/b><\/h2>\n<p>We are very pleased about\u00a0the many proposals for presentations in English, which\u00a0we received during our\u00a0Call for Papers. The levels of presentations range from beginners to professionals and have\u00a0very promising\u00a0topics.<\/p>\n<h2>Volunteers<\/h2>\n<p>During our WordCamp we need helping hands in every place. If you want to support us with your (wo\u2013)man-power, please fill out our <a href=\"https:\/\/2015.cologne.wordcamp.org\/das-wordcamp-cologne-braucht-dich\/\">volunteers registration form<\/a>.<\/p>\n<h2><b>Attending<\/b><\/h2>\n<h3><b>When?<\/b><\/h3>\n<p>WordCamp Cologne will be held on June 6<sup>th<\/sup> to 7<sup>th<\/sup>, 2015.<\/p>\n<h3><b>Where?<\/b><\/h3>\n<p>University of Cologne<br \/>\nH\u00f6rsaalgeb\u00e4ude (Lecture Hall), Building No. 105<br \/>\nUniversit\u00e4tsstra\u00dfe 35, 50931 K\u00f6ln, Germany<\/p>\n<div class=\"googlemaps\"><div class=\"googlemaps\">\n\t\t\t\t<iframe loading=\"lazy\" width=\"800\" height=\"600\" frameborder=\"0\" scrolling=\"no\" marginheight=\"0\" marginwidth=\"0\"  src=\"https:\/\/www.google.com\/maps\/embed?pb=!1m14!1m8!1m3!1d2514.8168021460833!2d6.928180299999999!3d50.9271058!3m2!1i1024!2i768!4f13.1!3m3!1m2!1s0x47bf24e335050719:0xc23ad31424441f2f!2zVW5pdmVyc2l0w6R0c3N0cmHDn2UgMzUsIDUwOTMxIEvDtmxu!5e0!3m2!1sde!2sde!4v1420721110879\"><\/iframe>\n\t\t\t<\/div><\/div>\n<div class=\"googlemaps\"><\/div>\n<p>If you need any information, please don\u2019t hesitate to <a title=\"Kontakt\" href=\"https:\/\/2015.cologne.wordcamp.org\/kontakt\/\">contact us<\/a> in English, we\u2019ll do our best to help and welcome you \ud83d\ude42<\/p>\n<h2>Contributor Day<\/h2>\n<p>Our motto for this WordCamp is <strong>&#8222;Broaden your mind \u00b7 Share your knowledge \u00b7 Feel the community&#8220;<\/strong>. A perfect environment to experience all of that will be the Contributor Day, which takes place on Monday, June 8<sup>th<\/sup>\u00a02015. Details will be announced soon.<\/p>\n<p>Bis bald! (See you soon!)<\/p>\n","protected":false},"excerpt":{"rendered":"<p>You don\u2019t speak German? \u2013 No problem! You are very welcome! This page is dedicated to inform all non-German speaking attendees of the WordCamp Cologne 2015. Language Cologne traditionally is a cosmopolitan city and most Germans at least understand English pretty well. However, WordCamp Cologne is a local event with focus on the German-speaking community, [&hellip;]<\/p>\n","protected":false},"author":6639950,"featured_media":0,"parent":0,"menu_order":80,"comment_status":"open","ping_status":"open","template":"","meta":{"jetpack_post_was_ever_published":false,"footnotes":""},"class_list":["post-493","page","type-page","status-publish","hentry"],"jetpack_shortlink":"https:\/\/wp.me\/P4MwNV-7X","jetpack_sharing_enabled":true,"_links":{"self":[{"href":"https:\/\/cologne.wordcamp.org\/2015\/wp-json\/wp\/v2\/pages\/493","targetHints":{"allow":["GET"]}}],"collection":[{"href":"https:\/\/cologne.wordcamp.org\/2015\/wp-json\/wp\/v2\/pages"}],"about":[{"href":"https:\/\/cologne.wordcamp.org\/2015\/wp-json\/wp\/v2\/types\/page"}],"author":[{"embeddable":true,"href":"https:\/\/cologne.wordcamp.org\/2015\/wp-json\/wp\/v2\/users\/6639950"}],"replies":[{"embeddable":true,"href":"https:\/\/cologne.wordcamp.org\/2015\/wp-json\/wp\/v2\/comments?post=493"}],"version-history":[{"count":28,"href":"https:\/\/cologne.wordcamp.org\/2015\/wp-json\/wp\/v2\/pages\/493\/revisions"}],"predecessor-version":[{"id":940,"href":"https:\/\/cologne.wordcamp.org\/2015\/wp-json\/wp\/v2\/pages\/493\/revisions\/940"}],"wp:attachment":[{"href":"https:\/\/cologne.wordcamp.org\/2015\/wp-json\/wp\/v2\/media?parent=493"}],"curies":[{"name":"wp","href":"https:\/\/api.w.org\/{rel}","templated":true}]}}