{"id":742,"date":"2015-02-18T21:46:40","date_gmt":"2015-02-18T20:46:40","guid":{"rendered":"https:\/\/2015.cologne.wordcamp.org\/?page_id=742"},"modified":"2016-03-05T23:43:26","modified_gmt":"2016-03-05T22:43:26","slug":"startseite","status":"publish","type":"page","link":"https:\/\/cologne.wordcamp.org\/2015\/","title":{"rendered":"Herzlich Willkommen!"},"content":{"rendered":"<div id=\"attachment_4967\" style=\"width: 738px\" class=\"wp-caption aligncenter\"><a href=\"https:\/\/2016.nuremberg.wordcamp.org\/\"><img loading=\"lazy\" decoding=\"async\" aria-describedby=\"caption-attachment-4967\" data-attachment-id=\"4967\" data-permalink=\"https:\/\/cologne.wordcamp.org\/2015\/einladung-zum-wordcamp-nuremberg-2016\/banner_728x90\/\" data-orig-file=\"https:\/\/cologne.wordcamp.org\/2015\/files\/2016\/03\/banner_728x90.png\" data-orig-size=\"728,90\" data-comments-opened=\"1\" data-image-meta=\"{&quot;aperture&quot;:&quot;0&quot;,&quot;credit&quot;:&quot;&quot;,&quot;camera&quot;:&quot;&quot;,&quot;caption&quot;:&quot;&quot;,&quot;created_timestamp&quot;:&quot;0&quot;,&quot;copyright&quot;:&quot;&quot;,&quot;focal_length&quot;:&quot;0&quot;,&quot;iso&quot;:&quot;0&quot;,&quot;shutter_speed&quot;:&quot;0&quot;,&quot;title&quot;:&quot;&quot;,&quot;orientation&quot;:&quot;0&quot;}\" data-image-title=\"banner_728x90\" data-image-description=\"\" data-image-caption=\"\" data-medium-file=\"https:\/\/cologne.wordcamp.org\/2015\/files\/2016\/03\/banner_728x90-300x37.png\" data-large-file=\"https:\/\/cologne.wordcamp.org\/2015\/files\/2016\/03\/banner_728x90.png\" class=\"wp-image-4967 size-full\" src=\"https:\/\/2015.cologne.wordcamp.org\/files\/2016\/03\/banner_728x90.png\" alt=\"banner_728x90\" width=\"728\" height=\"90\" srcset=\"https:\/\/cologne.wordcamp.org\/2015\/files\/2016\/03\/banner_728x90.png 728w, https:\/\/cologne.wordcamp.org\/2015\/files\/2016\/03\/banner_728x90-300x37.png 300w, https:\/\/cologne.wordcamp.org\/2015\/files\/2016\/03\/banner_728x90-500x62.png 500w, https:\/\/cologne.wordcamp.org\/2015\/files\/2016\/03\/banner_728x90-624x77.png 624w\" sizes=\"auto, (max-width: 728px) 100vw, 728px\" \/><\/a><p id=\"caption-attachment-4967\" class=\"wp-caption-text\">WordCamp Nuremberg 2016<\/p><\/div>\n<p>K\u00f6ln ist die rheinische Millionenstadt mit Herz.\u00a0WordPress ist die Software, mit der mit Herz und Verstand bereits Millionen Websites erstellt wurden. Was liegt also n\u00e4her, als eine Veranstaltung rund um das Thema WordPress nach K\u00f6ln zu holen? Herzlich Willkommen auf unserer Website zum WordCamp Cologne MMXV!<\/p>\n<p><b>Hinweis: Der Ticketverkauf ist abgeschlossen und es gibt\u00a0keinen Ticketverkauf vor Ort!<\/b><\/p>\n<p><b>Was ist WordPress? <\/b><\/p>\n<p>WordPress ist eine Web-Software, mit der du moderne Internetpr\u00e4senzen, Websites, Blogs und Online-Shops umsetzen kannst. Es ist freie Software, die du kostenlos nutzen darfst und zu deren Qualit\u00e4t du jederzeit beitragen kannst, wenn du m\u00f6chtest. Mit WordPress werden mittlerweile \u00fcber 75 Millionen Websites betrieben und es ist damit das f\u00fchrende Open Source Content-Management-System.<\/p>\n<p><b>Was ist ein WordCamp?<\/b><\/p>\n<p>Ein WordCamp ist eine Konferenz, die sich auf alle Themen rund um WordPress konzentriert. WordCamps sind informelle Community-Veranstaltungen, die durch WordPress Nutzer organisiert werden. Jeder vom Einsteiger bis zum Core-Entwickler kann teilnehmen, Neues lernen, Ideen austauschen und einander kennenlernen.<\/p>\n<p><b>Zusammen mit der AStA der Universit\u00e4t K\u00f6ln veranstalten wir vom 6. bis 7. Juni 2015 das WordCamp Cologne MMXV, zu dem wir uns auf rund 350 Teilnehmer aus dem In- und Ausland freuen.<\/b><\/p>\n<p>Unser Programm sieht an den beiden Tagen 6 Session-Slots in 4 Tracks vor, davon einen englischsprachigen Track und einen Track im BarCamp-Style, der erst vor Ort spontan mit Sessions belegt wird. <a title=\"Vortrag einreichen\" href=\"https:\/\/2015.cologne.wordcamp.org\/vortrag-einreichen\/\"><b>Vorschl\u00e4ge<\/b><\/a>\u00a0k\u00f6nnen <strong>bis zum 31. M\u00e4rz<\/strong> eingereicht werden. Wir sind uns aber jetzt schon sicher, dass f\u00fcr jeden interessante Themen dabei sind \u2013\u00a0vom Anf\u00e4nger bis zum Profi.<\/p>\n<p>Damit wir mehr M\u00f6glichkeiten finden, uns in netter Runde auszutauschen, beginnen wir die Veranstaltung am Freitag Abend mit einem <b>WarmUp<\/b>. Am Samstag findet eine <b>Community-Party<\/b> statt und am Montag bieten wir engagierten Anwendern auf einem <b>Contributor Day<\/b> die M\u00f6glichkeit, bei der Weiterentwicklung von WordPress mitzumachen. Alle Details dazu ver\u00f6ffentlichen wir auf unserer Website als Blogbeitr\u00e4ge unter <a title=\"Vortrag einreichen\" href=\"https:\/\/2015.cologne.wordcamp.org\/neuigkeiten\/\"><b>Neuigkeiten<\/b><\/a>. Du kannst aber auch gerne unseren <a title=\"Newsletter\" href=\"https:\/\/2015.cologne.wordcamp.org\/kontakt\/newsletter\/\"><b>Newsletter abonnieren<\/b><\/a>, damit du nichts verpasst.<\/p>\n<p>Das WordCamp ist ohne externe Unterst\u00fctzung nicht m\u00f6glich. Falls auch du das WordCamp als <a href=\"https:\/\/2015.cologne.wordcamp.org\/category\/volunteers\/\">Freiwilliger Helfer<\/a>\u00a0oder gar in Form eines <a href=\"https:\/\/2015.cologne.wordcamp.org\/sponsoring\/\">Sponsoring<\/a>\u00a0unterst\u00fctzen m\u00f6chtest, dann freuen wir uns \u00fcber eine <a href=\"https:\/\/2015.cologne.wordcamp.org\/kontakt\/\">Nachricht<\/a>\u00a0von dir.<\/p>\n<p>Der Rheinl\u00e4nder sagt <em>\u201eK\u00f6lle is e Jef\u00f6hl\u201c<\/em> und wir sind sicher: Unser WordCamp wird eine tolle Veranstaltung. Sei Dabei.<\/p>\n<p style=\"text-align: center\"><b>Erweitere Deinen Horizont \u2022 Teile Dein Wissen \u2022 Erlebe die Gemeinschaft<br \/>\n<\/b><b>Broaden your mind \u2022 Share your knowledge \u2022 Feel the community<\/b><\/p>\n<p>Dein\u00a0WordCamp Cologne MMXV\u00a0<a title=\"Orga-Team\" href=\"https:\/\/2015.cologne.wordcamp.org\/info\/orga-team\/\">Orga-Team<\/a><\/p>\n<p>Folge uns via: <a href=\"https:\/\/twitter.com\/wordcampcgn\">Twitter<\/a> \u2022 <a href=\"https:\/\/www.facebook.com\/WordCampCologne\">FaceBook<\/a> \u2022 <a href=\"https:\/\/plus.google.com\/b\/113239014662054980740\/113239014662054980740\/posts\">Google+<\/a>\u00a0\u2022 <a title=\"Newsletter\" href=\"https:\/\/2015.cologne.wordcamp.org\/kontakt\/newsletter\/\">Newsletter<\/a><\/p>\n","protected":false},"excerpt":{"rendered":"<p>K\u00f6ln ist die rheinische Millionenstadt mit Herz.\u00a0WordPress ist die Software, mit der mit Herz und Verstand bereits Millionen Websites erstellt wurden. Was liegt also n\u00e4her, als eine Veranstaltung rund um das Thema WordPress nach K\u00f6ln zu holen? Herzlich Willkommen auf unserer Website zum WordCamp Cologne MMXV! Hinweis: Der Ticketverkauf ist abgeschlossen und es gibt\u00a0keinen Ticketverkauf [&hellip;]<\/p>\n","protected":false},"author":12860056,"featured_media":0,"parent":0,"menu_order":0,"comment_status":"closed","ping_status":"closed","template":"","meta":{"jetpack_post_was_ever_published":false,"footnotes":""},"class_list":["post-742","page","type-page","status-publish","hentry"],"jetpack_shortlink":"https:\/\/wp.me\/P4MwNV-bY","jetpack_sharing_enabled":true,"_links":{"self":[{"href":"https:\/\/cologne.wordcamp.org\/2015\/wp-json\/wp\/v2\/pages\/742","targetHints":{"allow":["GET"]}}],"collection":[{"href":"https:\/\/cologne.wordcamp.org\/2015\/wp-json\/wp\/v2\/pages"}],"about":[{"href":"https:\/\/cologne.wordcamp.org\/2015\/wp-json\/wp\/v2\/types\/page"}],"author":[{"embeddable":true,"href":"https:\/\/cologne.wordcamp.org\/2015\/wp-json\/wp\/v2\/users\/12860056"}],"replies":[{"embeddable":true,"href":"https:\/\/cologne.wordcamp.org\/2015\/wp-json\/wp\/v2\/comments?post=742"}],"version-history":[{"count":19,"href":"https:\/\/cologne.wordcamp.org\/2015\/wp-json\/wp\/v2\/pages\/742\/revisions"}],"predecessor-version":[{"id":4972,"href":"https:\/\/cologne.wordcamp.org\/2015\/wp-json\/wp\/v2\/pages\/742\/revisions\/4972"}],"wp:attachment":[{"href":"https:\/\/cologne.wordcamp.org\/2015\/wp-json\/wp\/v2\/media?parent=742"}],"curies":[{"name":"wp","href":"https:\/\/api.w.org\/{rel}","templated":true}]}}