{"id":135,"date":"2016-05-19T12:07:15","date_gmt":"2016-05-19T10:07:15","guid":{"rendered":"http:\/\/2016.cologne.wordcamp.org\/?page_id=135"},"modified":"2016-07-13T17:41:14","modified_gmt":"2016-07-13T15:41:14","slug":"location","status":"publish","type":"page","link":"https:\/\/cologne.wordcamp.org\/2016\/location\/","title":{"rendered":"Location"},"content":{"rendered":"<p>Das WordCamp\u00a0findet am Samstag, 29. Oktober 2016 von 9:00 Uhr bis 20:00 Uhr im\u00a0<strong><a href=\"http:\/\/www.startplatz.de\" target=\"_blank\">STARTPLATZ<\/a>, Im Mediapark 5, 50670 K\u00f6ln<\/strong> statt.<\/p>\n<div class=\"googlemaps\">\n\t\t\t\t<iframe loading=\"lazy\" width=\"100\" height=\"350\" frameborder=\"0\" scrolling=\"no\" marginheight=\"0\" marginwidth=\"0\"  src=\"https:\/\/www.google.com\/maps\/embed?pb=!1m18!1m12!1m3!1d2513.6612220617735!2d6.944990000000012!3d50.948477999999994!2m3!1f0!2f0!3f0!3m2!1i1024!2i768!4f13.1!3m3!1m2!1s0x47bf250a6afc03e1:0xc0d104835c36fec4!2sIm%20Mediapark%205,%2050670%20K\u00f6ln!5e0!3m2!1sde!2sde!4v1433315335856\"><\/iframe>\n\t\t\t<\/div>\n<h2>So erreicht Ihr das WordCamp Cologne 2016:<\/h2>\n<p>Der <a href=\"\/\/www.startplatz.de\">Startplatz<\/a> liegt im K\u00f6lner Mediapark, mitten in K\u00f6ln und ist sowohl mit \u00f6ffentlichen Verkehrsmitteln wie auch mit dem Auto gut zu erreichen. <\/p>\n<h3>Wenn Ihr mit \u00f6ffentlichen Verkehrsmitteln anreist:<\/h3>\n<ul>\n<li>Der Mediapark ist mit den <strong>Stra\u00dfenbahn<\/strong>-Linien 12 und 15 sehr gut zu erreichen. Von der Haltestelle <strong>Christophstra\u00dfe\/Mediapark<\/strong> sind es nur etwa 5 Minuten zu Fu\u00df bis zum Startplatz im Mediapark.<\/li>\n<li>\u00dcber die <strong>S-Bahn<\/strong>-Linien S6 und S11 fahrt ihr bis zur Station Hansaring, auch von dort ist es nur einen Katzensprung bis zum Mediapark.<\/li>\n<h3>Wenn Ihr mit dem Auto anreist:<\/h3>\n<p>In K\u00f6ln einfach der Beschilderung &#8222;Mediapark&#8220; folgen. Parken k\u00f6nnt Ihr in den Parkdecks direkt unter dem Mediapark.<\/p>\n","protected":false},"excerpt":{"rendered":"<p>Das WordCamp\u00a0findet am Samstag, 29. Oktober 2016 von 9:00 Uhr bis 20:00 Uhr im\u00a0STARTPLATZ, Im Mediapark 5, 50670 K\u00f6ln statt. So erreicht Ihr das WordCamp Cologne 2016: Der Startplatz liegt im K\u00f6lner Mediapark, mitten in K\u00f6ln und ist sowohl mit \u00f6ffentlichen Verkehrsmitteln wie auch mit dem Auto gut zu erreichen. Wenn Ihr mit \u00f6ffentlichen Verkehrsmitteln &hellip; <a href=\"https:\/\/cologne.wordcamp.org\/2016\/location\/\" class=\"more-link\"><span class=\"screen-reader-text\">Location<\/span> weiterlesen<\/a><\/p>\n","protected":false},"author":13675020,"featured_media":0,"parent":0,"menu_order":0,"comment_status":"closed","ping_status":"closed","template":"","meta":{"jetpack_post_was_ever_published":false,"footnotes":""},"class_list":["post-135","page","type-page","status-publish","hentry"],"jetpack_sharing_enabled":true,"jetpack_shortlink":"https:\/\/wp.me\/P7xnZh-2b","_links":{"self":[{"href":"https:\/\/cologne.wordcamp.org\/2016\/wp-json\/wp\/v2\/pages\/135","targetHints":{"allow":["GET"]}}],"collection":[{"href":"https:\/\/cologne.wordcamp.org\/2016\/wp-json\/wp\/v2\/pages"}],"about":[{"href":"https:\/\/cologne.wordcamp.org\/2016\/wp-json\/wp\/v2\/types\/page"}],"author":[{"embeddable":true,"href":"https:\/\/cologne.wordcamp.org\/2016\/wp-json\/wp\/v2\/users\/13675020"}],"replies":[{"embeddable":true,"href":"https:\/\/cologne.wordcamp.org\/2016\/wp-json\/wp\/v2\/comments?post=135"}],"version-history":[{"count":5,"href":"https:\/\/cologne.wordcamp.org\/2016\/wp-json\/wp\/v2\/pages\/135\/revisions"}],"predecessor-version":[{"id":576,"href":"https:\/\/cologne.wordcamp.org\/2016\/wp-json\/wp\/v2\/pages\/135\/revisions\/576"}],"wp:attachment":[{"href":"https:\/\/cologne.wordcamp.org\/2016\/wp-json\/wp\/v2\/media?parent=135"}],"curies":[{"name":"wp","href":"https:\/\/api.w.org\/{rel}","templated":true}]}}