{"id":13,"date":"2017-07-29T13:33:47","date_gmt":"2017-07-29T13:33:47","guid":{"rendered":"https:\/\/2017.cologne.wordcamp.org\/?page_id=13"},"modified":"2017-11-20T14:47:43","modified_gmt":"2017-11-20T13:47:43","slug":"tickets","status":"publish","type":"page","link":"https:\/\/cologne.wordcamp.org\/2017\/tickets\/","title":{"rendered":"Tickets"},"content":{"rendered":"<p>Alle WordCamp-Tickets enthalten den Zugang zum WordCamp inklusive Getr\u00e4nken und Verpflegung.<\/p>\n<p>Du m\u00f6chtest das WordCamp K\u00f6ln unterst\u00fctzen ohne eines der gr\u00f6\u00dferen Sponsoring-Pakete zu kaufen? Dann ist das Community-Sponsor-Ticket f\u00fcr dich genau das richtige! Du wirst als Community-Sponsor auf der <a href=\"https:\/\/2017.cologne.wordcamp.org\/sponsoren\/\" target=\"_blank\" rel=\"noopener\">Sponsoren-Seite<\/a> erw\u00e4hnt. Ansonsten bietet das Ticket alle anderen Leistungen des normalen Tickets.<\/p>\n<p>Der Contributor Day ist kostenlos. Aufgrund der begrenzten Teilnehmerzahl muss jeder Teilnehmer trotzdem vorab ein Ticket daf\u00fcr erwerben und sich damit registrieren. Auf dem Contributor Day werden Getr\u00e4nke und Verpflegung ebenso kostenfrei gestellt.<\/p>\n<blockquote><p>Die regul\u00e4ren Tickets der zweiten Ticketwelle sind nun verf\u00fcgbar, ebenso noch wenige kostenlose Pl\u00e4tze f\u00fcr den Contributor Day. Die Community-Sponsor-Tickets sind bereits vegriffen.<\/p><\/blockquote>\n<hr \/>\n<p><span style=\"color: #000000\">All tickets include the entry to the WordCamp as well as food and beverages during the day.<\/span><\/p>\n<p><span style=\"color: #000000\">Do you want to support WordCamp Cologne financially without subscribing for a big sponsor package? The Community-Sponsor-Ticket will be a perfect choice! You&#8217;ll get mentioned on the <a href=\"https:\/\/2017.cologne.wordcamp.org\/sponsoren\/\" target=\"_blank\" rel=\"noopener\">sponsor page<\/a> of our website. This ticket provides the same benefits as the standard ticket.<\/span><\/p>\n<p><span style=\"color: #000000\">Your participation at the Contributor Day is free. Due to a limited number of participants, every attendee has to register for a separate Contributor\u00a0Day ticket. <\/span><span style=\"color: #000000\">These tickets include food and beverages as well.<\/span><\/p>\n<blockquote><p>Regular tickets are available now. Also a few places are left for the Contributor Day. The Community Sponsorship tickets are not available anymore.<\/p><\/blockquote>\n<a href=\"https:\/\/cologne.wordcamp.org\/2017\/tickets\/\">Bitte rufe diese Seite in einem Browser auf, um Tickets zu kaufen oder zu verwalten.<\/a>\n","protected":false},"excerpt":{"rendered":"<p>Alle WordCamp-Tickets enthalten den Zugang zum WordCamp inklusive Getr\u00e4nken und Verpflegung. Du m\u00f6chtest das WordCamp K\u00f6ln unterst\u00fctzen ohne eines der gr\u00f6\u00dferen Sponsoring-Pakete zu kaufen? Dann ist das Community-Sponsor-Ticket f\u00fcr dich genau das richtige! Du wirst als Community-Sponsor auf der Sponsoren-Seite erw\u00e4hnt. Ansonsten bietet das Ticket alle anderen Leistungen des normalen Tickets. Der Contributor Day ist [&hellip;]<\/p>\n","protected":false},"author":13990446,"featured_media":324,"parent":0,"menu_order":0,"comment_status":"closed","ping_status":"closed","template":"","meta":{"_crdt_document":"","jetpack_post_was_ever_published":false,"footnotes":""},"class_list":["post-13","page","type-page","status-publish","has-post-thumbnail","hentry"],"jetpack_sharing_enabled":true,"jetpack_shortlink":"https:\/\/wp.me\/P8LZdE-d","_links":{"self":[{"href":"https:\/\/cologne.wordcamp.org\/2017\/wp-json\/wp\/v2\/pages\/13","targetHints":{"allow":["GET"]}}],"collection":[{"href":"https:\/\/cologne.wordcamp.org\/2017\/wp-json\/wp\/v2\/pages"}],"about":[{"href":"https:\/\/cologne.wordcamp.org\/2017\/wp-json\/wp\/v2\/types\/page"}],"author":[{"embeddable":true,"href":"https:\/\/cologne.wordcamp.org\/2017\/wp-json\/wp\/v2\/users\/13990446"}],"replies":[{"embeddable":true,"href":"https:\/\/cologne.wordcamp.org\/2017\/wp-json\/wp\/v2\/comments?post=13"}],"version-history":[{"count":15,"href":"https:\/\/cologne.wordcamp.org\/2017\/wp-json\/wp\/v2\/pages\/13\/revisions"}],"predecessor-version":[{"id":1080,"href":"https:\/\/cologne.wordcamp.org\/2017\/wp-json\/wp\/v2\/pages\/13\/revisions\/1080"}],"wp:featuredmedia":[{"embeddable":true,"href":"https:\/\/cologne.wordcamp.org\/2017\/wp-json\/wp\/v2\/media\/324"}],"wp:attachment":[{"href":"https:\/\/cologne.wordcamp.org\/2017\/wp-json\/wp\/v2\/media?parent=13"}],"curies":[{"name":"wp","href":"https:\/\/api.w.org\/{rel}","templated":true}]}}