{"id":151,"date":"2017-06-22T08:25:38","date_gmt":"2017-06-22T08:25:38","guid":{"rendered":"https:\/\/2017.cologne.wordcamp.org\/?page_id=151"},"modified":"2017-08-06T16:49:10","modified_gmt":"2017-08-06T16:49:10","slug":"herzlich-willkommen-beim-wordcamp-cologne-2017","status":"publish","type":"page","link":"https:\/\/cologne.wordcamp.org\/2017\/","title":{"rendered":"Herzlich willkommen"},"content":{"rendered":"<p>&nbsp;<\/p>\n<h3>K\u00f6ln 2017 &#8211; WordCamp im Barcamp-Style<\/h3>\n<p>Seit dem letzten WordCamp K\u00f6ln ist schon ein Jahr vergangen. Also h\u00f6chste Zeit f\u00fcr eine Neuauflage:<\/p>\n<p>F\u00fcr alle WordPress-Interessierten wird es am <strong>17.\/18.\/19. November 2017<\/strong> in K\u00f6ln wieder ein WordCamp geben, im zweiten Jahr als echtes BarCamp.\u00a0Das hei\u00dft, die Sessions werden am Veranstaltungstag vor Ort vorgeschlagen. Die Sessions mit den meisten Interessierten bekommen einen Slot, also Uhrzeit und Raum. So ist sicher gestellt, dass auch wirklich das l\u00e4uft, was Euch interessiert. Wir freuen uns auf Euch! Jeder Teilnehmer kann eine Session zu einem interessanten Thema vorschlagen. Das kann ein Vortrag, eine Diskussion oder ein Workshop sein.<\/p>\n<blockquote><p>Am <strong>Freitag, den 17. November<\/strong> treffen wir uns zum <strong>Contributor Day<\/strong> in der K\u00f6lner Niederlassung von\u00a0 <a href=\"https:\/\/enterprise.microsoft.com\/de-de\/veranstaltungsort\/microsoft-deutschland-gmbh-geschaeftsstelle-koeln\/\">Microsoft<\/a> im <a href=\"http:\/\/www.rheinauhafen-koeln.de\/174\">K\u00f6lner Rheinauhafen<\/a>.<\/p>\n<p>Das <strong>WordCamp<\/strong> selbst findet am <strong>Samstag, den 18. und Sonntag, den\u00a0 19. November 2017<\/strong> im Campus K\u00f6ln der <a href=\"http:\/\/www.hmkw.de\/hochschule\/standorte\/campus-koeln\/\"><strong>HMKW<\/strong> Hochschule f\u00fcr Medien,Kommunikation und Wirtschaft<\/a> statt.<\/p><\/blockquote>\n<p><img loading=\"lazy\" decoding=\"async\" class=\"alignnone wp-image-302\" src=\"https:\/\/2017.cologne.wordcamp.org\/files\/2017\/06\/HMKW-1024x589.jpg\" alt=\"\" width=\"801\" height=\"461\" srcset=\"https:\/\/cologne.wordcamp.org\/2017\/files\/2017\/06\/HMKW-1024x589.jpg 1024w, https:\/\/cologne.wordcamp.org\/2017\/files\/2017\/06\/HMKW-300x173.jpg 300w, https:\/\/cologne.wordcamp.org\/2017\/files\/2017\/06\/HMKW-768x442.jpg 768w, https:\/\/cologne.wordcamp.org\/2017\/files\/2017\/06\/HMKW-500x288.jpg 500w\" sizes=\"auto, (max-width: 801px) 100vw, 801px\" \/><\/p>\n<p>&nbsp;<\/p>\n<h3>Was ist WordPress?<\/h3>\n<p><a href=\"http:\/\/de.wordpress.org\">WordPress<\/a> ist eine Web-Software, mit der du moderne Internetpr\u00e4senzen, Websites, Blogs und Online-Shops umsetzen kannst. Es ist freie Software, die du kostenlos nutzen darfst und zu deren Qualit\u00e4t du jederzeit <a href=\"https:\/\/de.wordpress.org\/mitwirken\/\">beitragen<\/a> kannst, wenn du m\u00f6chtest. Mit WordPress werden mittlerweile \u00fcber 75 Millionen Websites betrieben und es ist damit das f\u00fchrende Open Source Content-Management-System.<\/p>\n<p><img loading=\"lazy\" decoding=\"async\" class=\"alignnone size-full wp-image-310\" src=\"https:\/\/2017.cologne.wordcamp.org\/files\/2017\/06\/WordCampCologne2.jpg\" alt=\"\" width=\"800\" height=\"600\" srcset=\"https:\/\/cologne.wordcamp.org\/2017\/files\/2017\/06\/WordCampCologne2.jpg 800w, https:\/\/cologne.wordcamp.org\/2017\/files\/2017\/06\/WordCampCologne2-300x225.jpg 300w, https:\/\/cologne.wordcamp.org\/2017\/files\/2017\/06\/WordCampCologne2-768x576.jpg 768w, https:\/\/cologne.wordcamp.org\/2017\/files\/2017\/06\/WordCampCologne2-400x300.jpg 400w\" sizes=\"auto, (max-width: 800px) 100vw, 800px\" \/><\/p>\n<p>&nbsp;<\/p>\n<h3>Was ist ein WordCamp?<\/h3>\n<p>Ein WordCamp ist eine Konferenz, die sich auf alle Themen rund um WordPress konzentriert. WordCamps sind informelle Community-Veranstaltungen, die durch WordPress-Nutzer organisiert werden. Jeder vom Einsteiger bis zum Core-Entwickler kann teilnehmen, neues lernen, Ideen austauschen und Gleichgesinnte kennenlernen.<\/p>\n<p>In der HMKW Hochschule f\u00fcr Medien, Kommunikation und Wirtschaft veranstalten wir am 18. und 19. November das WordCamp Cologne 2017, zu dem wir uns auf rund 250 Teilnehmer aus dem In- und Ausland freuen. Ganz besonders freuen wir uns auf Teilnehmer aus der Region, die bislang noch nie an einem WordCamp teilgenommen haben!<\/p>\n<p>Wir haben\u00a0an beiden Tagen Platz f\u00fcr jeweils 28\u00a0Sessions in 4 R\u00e4umen. Eine Session ist 45 Minuten lang, inklusive Fragen und Antworten. Und wie bei einem BarCamp \u00fcblich, seid Ihr nach der Vorstellungsrunde gefragt Eure Sessions anzubieten.\u00a0Wir sind uns aber sicher, dass f\u00fcr alle Teilnehmer interessante Themen dabei sein werden\u00a0\u2013\u00a0vom Anf\u00e4nger bis zum Profi. Es sind sowohl Vortr\u00e4ge, Workshops, Diskussionsrunden, etc. m\u00f6glich. Die Einhaltung der\u00a0WordCamp <a href=\"https:\/\/2017.cologne.wordcamp.org\/herzlich-willkommen\/richtlinien\/\">Richtlinien<\/a> und des <a href=\"https:\/\/2017.cologne.wordcamp.org\/herzlich-willkommen\/verhaltenskodex\/\">Verhaltenskodex<\/a>\u00a0sollte dabei f\u00fcr alle selbstverst\u00e4ndlich sein.<\/p>\n<p><img loading=\"lazy\" decoding=\"async\" class=\"alignnone size-full wp-image-312\" src=\"https:\/\/2017.cologne.wordcamp.org\/files\/2017\/06\/WordCampCologne3.jpg\" alt=\"\" width=\"800\" height=\"600\" srcset=\"https:\/\/cologne.wordcamp.org\/2017\/files\/2017\/06\/WordCampCologne3.jpg 800w, https:\/\/cologne.wordcamp.org\/2017\/files\/2017\/06\/WordCampCologne3-300x225.jpg 300w, https:\/\/cologne.wordcamp.org\/2017\/files\/2017\/06\/WordCampCologne3-768x576.jpg 768w, https:\/\/cologne.wordcamp.org\/2017\/files\/2017\/06\/WordCampCologne3-400x300.jpg 400w\" sizes=\"auto, (max-width: 800px) 100vw, 800px\" \/><\/p>\n<h3>Was ist ein Contributor Day?<\/h3>\n<p>Der Contributor Day ist ein integeraler Bestandteil eines WordCamps, bei dem wir versuchen, in den verschiedensten Bereichen einen Beitrag zum WordPress Open Source Projekt zu leisten.<\/p>\n<p>Dabei kann jeder helfen. Nicht nur durch eine eventuelle Mitarbeit am Core, sondern auch z.B. als Teil des Theme-Review-Teams, bei der \u00dcbersetzung von Plugins und Themes, im Support f\u00fcr WordPress-Nutzer oder in der Organisation der WordPress-Community. F\u00fcr eine Teilnahme am Contributor-Day sind daher keine Programmierkenntnisse n\u00f6tig. Erforderlich ist nur der Wille, sich f\u00fcr das WordPress-Projekt und die WordPress-Community einzusetzen.\u00a0 Und wir sind uns sicher: auch du wirst auf dem Contributor Day eine spannende Aufgabe finden und erleben, wieviel Spa\u00df es machen kann, aktiv an WordPress mitzuwirken und dadurch der Community ein St\u00fcck zur\u00fcck zu geben.<\/p>\n<p><img loading=\"lazy\" decoding=\"async\" class=\"alignnone size-full wp-image-313\" src=\"https:\/\/2017.cologne.wordcamp.org\/files\/2017\/06\/WordCampCologne4.jpg\" alt=\"\" width=\"800\" height=\"600\" srcset=\"https:\/\/cologne.wordcamp.org\/2017\/files\/2017\/06\/WordCampCologne4.jpg 800w, https:\/\/cologne.wordcamp.org\/2017\/files\/2017\/06\/WordCampCologne4-300x225.jpg 300w, https:\/\/cologne.wordcamp.org\/2017\/files\/2017\/06\/WordCampCologne4-768x576.jpg 768w, https:\/\/cologne.wordcamp.org\/2017\/files\/2017\/06\/WordCampCologne4-400x300.jpg 400w\" sizes=\"auto, (max-width: 800px) 100vw, 800px\" \/><\/p>\n<h3>Und sonst so?<\/h3>\n<p>WordCamp hei\u00dft immer auch: Treffen, Wiedersehen und gegenseitiger Austausch.<\/p>\n<p>Damit wir hierzu mehr M\u00f6glichkeiten finden, treffen wir uns am Freitag Abend zu einem WarmUp. Und auch f\u00fcr den Samstagabend haben wir uns etwas \u00fcberlegt.\u00a0 Alle Details dazu ver\u00f6ffentlichen wir auf unserer Website als Blogbeitr\u00e4ge unter <a href=\"https:\/\/2017.cologne.wordcamp.org\/news\/\">Neuigkeiten<\/a>. Du kannst aber auch gerne unseren <a href=\"https:\/\/2017.cologne.wordcamp.org\/newsletter\/\">Newsletter abonnieren<\/a>, damit du nichts verpasst.<\/p>\n<p><img loading=\"lazy\" decoding=\"async\" class=\"alignnone size-full wp-image-315\" src=\"https:\/\/2017.cologne.wordcamp.org\/files\/2017\/06\/WordCampCologneSponsors.jpg\" alt=\"\" width=\"800\" height=\"600\" srcset=\"https:\/\/cologne.wordcamp.org\/2017\/files\/2017\/06\/WordCampCologneSponsors.jpg 800w, https:\/\/cologne.wordcamp.org\/2017\/files\/2017\/06\/WordCampCologneSponsors-300x225.jpg 300w, https:\/\/cologne.wordcamp.org\/2017\/files\/2017\/06\/WordCampCologneSponsors-768x576.jpg 768w, https:\/\/cologne.wordcamp.org\/2017\/files\/2017\/06\/WordCampCologneSponsors-400x300.jpg 400w\" sizes=\"auto, (max-width: 800px) 100vw, 800px\" \/><\/p>\n<h3>Sponsoren und Volunteers<\/h3>\n<p>Ein WordCamp ist ohne externe Unterst\u00fctzung nicht m\u00f6glich. Falls auch du das WordCamp K\u00f6ln als freiwilliger Helfer\u00a0oder gar in Form eines <a href=\"https:\/\/2017.cologne.wordcamp.org\/sponsoring\/\">Sponsoring<\/a>\u00a0unterst\u00fctzen m\u00f6chtest, dann freuen wir uns \u00fcber eine <a href=\"https:\/\/2017.cologne.wordcamp.org\/kontakt-impressum\/\">Nachricht<\/a>\u00a0von dir.<\/p>\n<p><img loading=\"lazy\" decoding=\"async\" class=\"alignnone size-full wp-image-311\" src=\"https:\/\/2017.cologne.wordcamp.org\/files\/2017\/06\/WordCampCologne1.jpg\" alt=\"\" width=\"800\" height=\"600\" srcset=\"https:\/\/cologne.wordcamp.org\/2017\/files\/2017\/06\/WordCampCologne1.jpg 800w, https:\/\/cologne.wordcamp.org\/2017\/files\/2017\/06\/WordCampCologne1-300x225.jpg 300w, https:\/\/cologne.wordcamp.org\/2017\/files\/2017\/06\/WordCampCologne1-768x576.jpg 768w, https:\/\/cologne.wordcamp.org\/2017\/files\/2017\/06\/WordCampCologne1-400x300.jpg 400w\" sizes=\"auto, (max-width: 800px) 100vw, 800px\" \/><\/p>\n<p><strong>Wir sehen uns beim WordCamp Cologne am 17.\/18.\/19. November!<\/strong><\/p>\n<p>Dein\u00a0WordCamp Cologne 2017\u00a0<a title=\"Orga-Team\" href=\"https:\/\/2017.cologne.wordcamp.org\/orga-team\/\">Orga-Team<\/a><\/p>\n<p>&nbsp;<\/p>\n<p>Folge uns via: <a href=\"https:\/\/twitter.com\/wordcampcgn\">Twitter<\/a> \u2022 <a href=\"https:\/\/www.facebook.com\/WordCampCologne\">FaceBook<\/a> \u2022 <a href=\"https:\/\/plus.google.com\/b\/113239014662054980740\/113239014662054980740\/posts\">Google+<\/a> \u2022 <a title=\"Newsletter\" href=\"https:\/\/2017.cologne.wordcamp.org\/kontakt\/newsletter\/\">Newsletter<\/a><\/p>\n<p>&nbsp;<\/p>\n","protected":false},"excerpt":{"rendered":"<p>&nbsp; K\u00f6ln 2017 &#8211; WordCamp im Barcamp-Style Seit dem letzten WordCamp K\u00f6ln ist schon ein Jahr vergangen. Also h\u00f6chste Zeit f\u00fcr eine Neuauflage: F\u00fcr alle WordPress-Interessierten wird es am 17.\/18.\/19. November 2017 in K\u00f6ln wieder ein WordCamp geben, im zweiten Jahr als echtes BarCamp.\u00a0Das hei\u00dft, die Sessions werden am Veranstaltungstag vor Ort vorgeschlagen. Die Sessions [&hellip;]<\/p>\n","protected":false},"author":13675020,"featured_media":324,"parent":0,"menu_order":0,"comment_status":"closed","ping_status":"closed","template":"","meta":{"jetpack_post_was_ever_published":false,"footnotes":""},"class_list":["post-151","page","type-page","status-publish","has-post-thumbnail","hentry"],"jetpack_sharing_enabled":true,"jetpack_shortlink":"https:\/\/wp.me\/P8LZdE-2r","_links":{"self":[{"href":"https:\/\/cologne.wordcamp.org\/2017\/wp-json\/wp\/v2\/pages\/151","targetHints":{"allow":["GET"]}}],"collection":[{"href":"https:\/\/cologne.wordcamp.org\/2017\/wp-json\/wp\/v2\/pages"}],"about":[{"href":"https:\/\/cologne.wordcamp.org\/2017\/wp-json\/wp\/v2\/types\/page"}],"author":[{"embeddable":true,"href":"https:\/\/cologne.wordcamp.org\/2017\/wp-json\/wp\/v2\/users\/13675020"}],"replies":[{"embeddable":true,"href":"https:\/\/cologne.wordcamp.org\/2017\/wp-json\/wp\/v2\/comments?post=151"}],"version-history":[{"count":25,"href":"https:\/\/cologne.wordcamp.org\/2017\/wp-json\/wp\/v2\/pages\/151\/revisions"}],"predecessor-version":[{"id":644,"href":"https:\/\/cologne.wordcamp.org\/2017\/wp-json\/wp\/v2\/pages\/151\/revisions\/644"}],"wp:featuredmedia":[{"embeddable":true,"href":"https:\/\/cologne.wordcamp.org\/2017\/wp-json\/wp\/v2\/media\/324"}],"wp:attachment":[{"href":"https:\/\/cologne.wordcamp.org\/2017\/wp-json\/wp\/v2\/media?parent=151"}],"curies":[{"name":"wp","href":"https:\/\/api.w.org\/{rel}","templated":true}]}}