{"id":214,"date":"2017-07-13T07:46:05","date_gmt":"2017-07-13T07:46:05","guid":{"rendered":"https:\/\/2017.cologne.wordcamp.org\/?page_id=214"},"modified":"2017-07-29T13:31:01","modified_gmt":"2017-07-29T13:31:01","slug":"orga-team","status":"publish","type":"page","link":"https:\/\/cologne.wordcamp.org\/2017\/orga-team\/","title":{"rendered":"Orga-Team"},"content":{"rendered":"\t<div class=\"wcorg-organizers\">\n\n\t\t\n\t\t\t<div class=\"wcorg-organizer\">\n\t\t\t\t<h2>Carole Olinger<\/h2>\n\t\t\t\t<div class=\"wcorg-organizer-description\">\n\t\t\t\t\t\t\t\t\t\t<img alt='' src='https:\/\/secure.gravatar.com\/avatar\/9174c32707feb7ef28e5fdf3c765522b045f6f926b2de4075e315662e6dd71b9?s=100&#038;d=mm&#038;r=g' srcset='https:\/\/secure.gravatar.com\/avatar\/9174c32707feb7ef28e5fdf3c765522b045f6f926b2de4075e315662e6dd71b9?s=200&#038;d=mm&#038;r=g 2x' class='avatar avatar-100 photo' height='100' width='100' \/>\t\t\t\t\t<p>Carole ist WordPress Community-Managerin f\u00fcr <a href=\"https:\/\/www.plesk.com\/\" target=\"_blank\" rel=\"noopener nofollow\">Plesk.<\/a>\u00a0Die geb\u00fcrtige Luxemburgerin wohnt in der deutschen Eifel. Nach ihrem Ausstieg aus dem Beamtenleben befand sie sich drei Jahre in einer beruflichen und pers\u00f6nlichen \u201eFindungsphase\u201c und probierte sich in Webseitengestaltung, Content Writing &amp; Management aus.<br \/>\nAls passionierte WordCamp Teilnehmerin, freiwillige Helferin und Referentin mutierte sie in k\u00fcrzester Zeit zum WordPress Community-Junkie: sie ist inzwischen aktiv in der Planung verschiedener WordCamps (<a href=\"https:\/\/2017.cologne.wordcamp.org\">#WCCGN<\/a>, <a href=\"https:\/\/2018-soltau.retreat.wordcamp.org\/\">#WCRetreat<\/a> und <a href=\"https:\/\/2018.europe.wordcamp.org\/\">#WCEU<\/a>) und des <a href=\"https:\/\/www.meetup.com\/it-IT\/Eifel-WordPress-Meetup\/\" target=\"_blank\" rel=\"noopener\">WordPress Meetups Eifel<\/a>.<\/p>\n<div class=\"socialbm\">\n<p><a href=\"https:\/\/www.caroleolinger.com\/\"><img loading=\"lazy\" decoding=\"async\" class=\"alignnone size-full wp-image-471\" src=\"https:\/\/2017.cologne.wordcamp.org\/files\/2017\/08\/home.png\" alt=\"url\" width=\"56\" height=\"56\" \/><\/a> <a href=\"mailto:carole.olinger@gmail.com\"><img loading=\"lazy\" decoding=\"async\" class=\"alignnone size-full wp-image-294\" src=\"https:\/\/2017.cologne.wordcamp.org\/files\/2017\/08\/envelope-o.png\" alt=\"mail\" width=\"56\" height=\"56\" \/><\/a> <a href=\"https:\/\/profiles.wordpress.org\/caroleo\"><img loading=\"lazy\" decoding=\"async\" class=\"alignnone size-full wp-image-301\" src=\"https:\/\/2017.cologne.wordcamp.org\/files\/2017\/08\/wordpress.png\" alt=\"wordpress\" width=\"56\" height=\"56\" \/><\/a> <a href=\"https:\/\/twitter.com\/CaroleOlinger\"><img loading=\"lazy\" decoding=\"async\" class=\"alignnone size-full wp-image-299\" src=\"https:\/\/2017.cologne.wordcamp.org\/files\/2017\/08\/twitter.png\" alt=\"twitter\" width=\"56\" height=\"56\" \/><\/a> <a href=\"https:\/\/www.facebook.com\/carole.olinger\"><img loading=\"lazy\" decoding=\"async\" class=\"alignnone size-full wp-image-291\" src=\"https:\/\/2017.cologne.wordcamp.org\/files\/2017\/08\/facebook.png\" alt=\"facebook\" width=\"56\" height=\"56\" \/><\/a> <a href=\"https:\/\/plus.google.com\/u\/0\/113019222812581599799\"><img loading=\"lazy\" decoding=\"async\" class=\"alignnone google size-full wp-image-470\" src=\"https:\/\/2017.cologne.wordcamp.org\/files\/2017\/08\/google-plus.png\" alt=\"googleplus\" width=\"56\" height=\"56\" \/><\/a><a href=\"\/\/www.linkedin.com\/in\/carole-olinger-82842a147\/\"><img loading=\"lazy\" decoding=\"async\" class=\"alignnone size-full wp-image-471\" src=\"https:\/\/2017.cologne.wordcamp.org\/files\/2017\/08\/linkedin.png\" alt=\"linkedin\" width=\"56\" height=\"56\" \/><\/a><\/p>\n<\/div>\n\t\t\t\t<\/div>\n\t\t\t<\/div>\n\n\t\t\n\t\t\t<div class=\"wcorg-organizer\">\n\t\t\t\t<h2>Sebastian Blum<\/h2>\n\t\t\t\t<div class=\"wcorg-organizer-description\">\n\t\t\t\t\t\t\t\t\t\t<img alt='' src='https:\/\/secure.gravatar.com\/avatar\/8e4002f8dcbe2b059e9117382b25cd67eeab9f4b1946721ca62ce3d3de48040e?s=100&#038;d=mm&#038;r=g' srcset='https:\/\/secure.gravatar.com\/avatar\/8e4002f8dcbe2b059e9117382b25cd67eeab9f4b1946721ca62ce3d3de48040e?s=200&#038;d=mm&#038;r=g 2x' class='avatar avatar-100 photo' height='100' width='100' \/>\t\t\t\t\t<p>Sebastian ist als Projektleiter f\u00fcr WordPress-Projekte und Team Leader eines Entwicklungsteams bei einer gro\u00dfen deutschen Agentur. Seit vielen Jahren arbeitet er mit WordPress und interessiert sich f\u00fcr Lean enterprise, SCRUM und Alles, was mit Organisations- und Teamentwicklung zu tun hat. Man kann Sebastian auf dem Scrumtisch K\u00f6ln, der Atlassian User Group und dem WordPress Meetup antreffen.<\/p>\n<div class=\"socialbm\">\n<p><a href=\"https:\/\/sebastianblum.koeln\/\"><img loading=\"lazy\" decoding=\"async\" class=\"alignnone size-full wp-image-471\" src=\"https:\/\/2017.cologne.wordcamp.org\/files\/2017\/08\/home.png\" alt=\"Website von Sebastian Blum\" width=\"56\" height=\"56\" \/><\/a> <\/p>\n<p><a href=\"mailto:sebastian.alexander.blum@gmail.com\"><img loading=\"lazy\" decoding=\"async\" class=\"alignnone size-full wp-image-294\" src=\"https:\/\/2017.cologne.wordcamp.org\/files\/2017\/08\/envelope-o.png\" alt=\"Mail an Sebastian Blum\" width=\"56\" height=\"56\" \/><\/a> <\/p>\n<p><a href=\"https:\/\/profiles.wordpress.org\/sebastianblum\"><img loading=\"lazy\" decoding=\"async\" class=\"alignnone size-full wp-image-301\" src=\"https:\/\/2017.cologne.wordcamp.org\/files\/2017\/08\/wordpress.png\" alt=\"Sebastian Blum auf WordPress.org\" width=\"56\" height=\"56\" \/><\/a> <\/p>\n<p><a href=\"https:\/\/twitter.com\/sebalexblum\"><img loading=\"lazy\" decoding=\"async\" class=\"alignnone size-full wp-image-299\" src=\"https:\/\/2017.cologne.wordcamp.org\/files\/2017\/08\/twitter.png\" alt=\"Sebastian Blum auf Twitter\" width=\"56\" height=\"56\" \/><\/a> <\/p>\n<p><a href=\"https:\/\/www.linkedin.com\/in\/sebastianblum\/\"><img loading=\"lazy\" decoding=\"async\" class=\"alignnone size-full wp-image-471\" src=\"https:\/\/2017.cologne.wordcamp.org\/files\/2017\/08\/linkedin.png\" alt=\"Sebastian Blum auf Twitter\" width=\"56\" height=\"56\" \/><\/a><\/p>\n<\/div>\n\t\t\t\t<\/div>\n\t\t\t<\/div>\n\n\t\t\n\t\t\t<div class=\"wcorg-organizer\">\n\t\t\t\t<h2>Jay Rebel<\/h2>\n\t\t\t\t<div class=\"wcorg-organizer-description\">\n\t\t\t\t\t\t\t\t\t\t<img alt='' src='https:\/\/secure.gravatar.com\/avatar\/25186b6657e3935b1890da02da05e19cd12dd550061d7509e2a13a4bb0acee31?s=100&#038;d=mm&#038;r=g' srcset='https:\/\/secure.gravatar.com\/avatar\/25186b6657e3935b1890da02da05e19cd12dd550061d7509e2a13a4bb0acee31?s=200&#038;d=mm&#038;r=g 2x' class='avatar avatar-100 photo' height='100' width='100' \/>\t\t\t\t\t<p>Jay spricht \u00fcber seelische Gesundheit und psychische Erkrankungen und hat den gemeinn\u00fctzigen Verein Zeit f\u00fcr Heldinnen e. V. gegr\u00fcndet.<\/p>\n<div class=\"socialbm\"><a href=\"https:\/\/zeitfuerheldinnen.de\/\"><img loading=\"lazy\" decoding=\"async\" class=\"alignnone wp-image-471 size-full\" src=\"https:\/\/2017.cologne.wordcamp.org\/files\/2017\/08\/home.png\" alt=\"url\" width=\"56\" height=\"56\" \/><\/a> <a href=\"mailto:kontakt@zeitfuerheldinnen.de\"><img loading=\"lazy\" decoding=\"async\" class=\"alignnone wp-image-294 size-full\" src=\"https:\/\/2017.cologne.wordcamp.org\/files\/2017\/08\/envelope-o.png\" alt=\"mail\" width=\"56\" height=\"56\" \/><\/a> <a href=\"https:\/\/zeitfuerheldinnen.de\/feed\/\"><img loading=\"lazy\" decoding=\"async\" class=\"alignnone wp-image-295 size-full\" src=\"https:\/\/2017.cologne.wordcamp.org\/files\/2017\/08\/rss.png\" alt=\"rss\" width=\"56\" height=\"56\" \/><\/a><\/div>\n\t\t\t\t<\/div>\n\t\t\t<\/div>\n\n\t\t\n\t\t\t<div class=\"wcorg-organizer\">\n\t\t\t\t<h2>Udo Meisen<\/h2>\n\t\t\t\t<div class=\"wcorg-organizer-description\">\n\t\t\t\t\t\t\t\t\t\t<img alt='' src='https:\/\/secure.gravatar.com\/avatar\/557ff9519cb648e09929cff16fd6ab735943f9372b01f0dc7caa4b744444be49?s=100&#038;d=mm&#038;r=g' srcset='https:\/\/secure.gravatar.com\/avatar\/557ff9519cb648e09929cff16fd6ab735943f9372b01f0dc7caa4b744444be49?s=200&#038;d=mm&#038;r=g 2x' class='avatar avatar-100 photo' height='100' width='100' \/>\t\t\t\t\t<p>Udo arbeitet als Online-Redakteur f\u00fcr <a href=\"https:\/\/www.praetor.xyz\">juristische Informationsportale<\/a> st\u00e4ndig mit WordPress und hat WordPress seit 2005 in den verschiedensten Einsatzszenarios sch\u00e4tzen gelernt.\u00a0\u00a0Er ist einer der Co-Organisatoren des <a href=\"http:\/\/wpcgn.de\/\">WordPress Meetup K\u00f6ln<\/a> sowie des <a href=\"https:\/\/wpbn.de\/\">WordPress Meetup Bonn<\/a>.<\/p>\n<div class=\"socialbm\"><a href=\"https:\/\/www.praetor.im\"><img loading=\"lazy\" decoding=\"async\" class=\"alignnone wp-image-471 size-full\" src=\"https:\/\/2017.cologne.wordcamp.org\/files\/2017\/08\/home.png\" alt=\"url\" width=\"56\" height=\"56\" \/><\/a><a href=\"https:\/\/www.praetor.xyz\"><img loading=\"lazy\" decoding=\"async\" class=\"alignnone wp-image-471 size-full\" src=\"https:\/\/2017.cologne.wordcamp.org\/files\/2017\/08\/home.png\" alt=\"url\" width=\"56\" height=\"56\" \/><\/a> <a href=\"mailto:u.meisen@praetor.im\"><img loading=\"lazy\" decoding=\"async\" class=\"alignnone wp-image-294 size-full\" src=\"https:\/\/2017.cologne.wordcamp.org\/files\/2017\/08\/envelope-o.png\" alt=\"mail\" width=\"56\" height=\"56\" \/><\/a> <a href=\"https:\/\/profiles.wordpress.org\/praetorim\"><img loading=\"lazy\" decoding=\"async\" class=\"alignnone wp-image-301 size-full\" src=\"https:\/\/2017.cologne.wordcamp.org\/files\/2017\/08\/wordpress.png\" alt=\"wordpress\" width=\"56\" height=\"56\" \/><\/a> <a href=\"https:\/\/twitter.com\/praetorim\"><img loading=\"lazy\" decoding=\"async\" class=\"alignnone wp-image-299 size-full\" src=\"https:\/\/2017.cologne.wordcamp.org\/files\/2017\/08\/twitter.png\" alt=\"twitter\" width=\"56\" height=\"56\" \/><\/a><a href=\"https:\/\/www.facebook.com\/PraetorIntermedia\"><img loading=\"lazy\" decoding=\"async\" class=\"alignnone wp-image-291 size-full\" src=\"https:\/\/2017.cologne.wordcamp.org\/files\/2017\/08\/facebook.png\" alt=\"facebook\" width=\"56\" height=\"56\" \/><\/a><a href=\"https:\/\/twitter.com\/praetorim\"><\/a> <a href=\"https:\/\/feeds.praetor.im\/alles.php\"><img loading=\"lazy\" decoding=\"async\" class=\"alignnone wp-image-295 size-full\" src=\"https:\/\/2017.cologne.wordcamp.org\/files\/2017\/08\/rss.png\" alt=\"rss\" width=\"56\" height=\"56\" \/><\/a> <a href=\"https:\/\/www.youtube.com\/user\/rechtslupe\"><img loading=\"lazy\" decoding=\"async\" class=\"alignnone wp-image-303 size-full\" src=\"https:\/\/2017.cologne.wordcamp.org\/files\/2017\/08\/youtube.png\" alt=\"youtube\" width=\"56\" height=\"56\" \/><\/a><\/div>\n\t\t\t\t<\/div>\n\t\t\t<\/div>\n\n\t\t\n\t\t\t<div class=\"wcorg-organizer\">\n\t\t\t\t<h2>Matthias Kurz<\/h2>\n\t\t\t\t<div class=\"wcorg-organizer-description\">\n\t\t\t\t\t\t\t\t\t\t<img alt='' src='https:\/\/secure.gravatar.com\/avatar\/b93a8cdf901edb0712ed132a6da23a7a54926c61db626c9467c8e69e5e91013e?s=100&#038;d=mm&#038;r=g' srcset='https:\/\/secure.gravatar.com\/avatar\/b93a8cdf901edb0712ed132a6da23a7a54926c61db626c9467c8e69e5e91013e?s=200&#038;d=mm&#038;r=g 2x' class='avatar avatar-100 photo' height='100' width='100' \/>\t\t\t\t\t<p>Nach seiner Ausbildung ist der geborenen Saarl\u00e4nder als IT-Manager und Ausbilder f\u00fcr eine Gruppe von K\u00f6lner Werbe- und Kommunikationsagenturen t\u00e4tig. Seine beruflichen Schwerpunkte liegen in den Bereichen der Linux Systemadministration und IT-Sicherheit.<\/p>\n<p>Mit WordPress kam Matthias im Jahr 2007 als Technik-Blog- Redakteur in Ber\u00fchrung. Anfang 2016 ist er auf die WordPress Community aufmerksam geworden und engagiert sich mittlerweile in der Organisation der Meetups <a href=\"https:\/\/www.meetup.com\/de-DE\/WordPress-Meetup-Bonn-wpbn\/\">Bonn<\/a> und <a href=\"https:\/\/www.meetup.com\/de-DE\/WordPress-Meetup-Koblenz\/\">Koblenz<\/a>\u00a0sowie von WordCamps in <a href=\"https:\/\/2017.bern.wordcamp.org\/\">Bern<\/a> und <a href=\"https:\/\/2017.cologne.wordcamp.org\/\">K\u00f6ln<\/a> wie auch beim <a href=\"http:\/\/wcretreat.de\">WordCamp Retreat 2018<\/a>.<\/p>\n<p>Mit <a href=\"https:\/\/wp-projects.de\">WP-Projects<\/a> bietet er seinen Kunden professionelle und individuell zugeschnittene Hosting-Dienstleistungen sowie technischen Support rund um WordPress an.<\/p>\n<div class=\"socialbm\"><a href=\"https:\/\/call-a-tux.de\/\"><img loading=\"lazy\" decoding=\"async\" class=\"alignnone wp-image-471 size-full\" src=\"https:\/\/2017.cologne.wordcamp.org\/files\/2017\/08\/home.png\" alt=\"url\" width=\"56\" height=\"56\" \/><\/a><a href=\"https:\/\/wp-projects.de\/\"><img loading=\"lazy\" decoding=\"async\" class=\"alignnone wp-image-471 size-full\" src=\"https:\/\/2017.cologne.wordcamp.org\/files\/2017\/08\/home.png\" alt=\"url\" width=\"56\" height=\"56\" \/><\/a> <a href=\"mailto:service@wp-projects.de\"><img loading=\"lazy\" decoding=\"async\" class=\"alignnone wp-image-294 size-full\" src=\"https:\/\/2017.cologne.wordcamp.org\/files\/2017\/08\/envelope-o.png\" alt=\"mail\" width=\"56\" height=\"56\" \/><\/a> <a href=\"https:\/\/profiles.wordpress.org\/mazzomaz\"><img loading=\"lazy\" decoding=\"async\" class=\"alignnone wp-image-301 size-full\" src=\"https:\/\/2017.cologne.wordcamp.org\/files\/2017\/08\/wordpress.png\" alt=\"wordpress\" width=\"56\" height=\"56\" \/><\/a> <a href=\"https:\/\/twitter.com\/mazzomaz\"><img loading=\"lazy\" decoding=\"async\" class=\"alignnone wp-image-299 size-full\" src=\"https:\/\/2017.cologne.wordcamp.org\/files\/2017\/08\/twitter.png\" alt=\"twitter\" width=\"56\" height=\"56\" \/><\/a><\/div>\n\t\t\t\t<\/div>\n\t\t\t<\/div>\n\n\t\t\n\t\t\t<div class=\"wcorg-organizer\">\n\t\t\t\t<h2>Phillip Roth<\/h2>\n\t\t\t\t<div class=\"wcorg-organizer-description\">\n\t\t\t\t\t\t\t\t\t\t<img alt='' src='https:\/\/secure.gravatar.com\/avatar\/f6762cdfffc01b7b93234d2ea9e5e2585898ad41d97a0f01a6930bf6ac7dd536?s=100&#038;d=mm&#038;r=g' srcset='https:\/\/secure.gravatar.com\/avatar\/f6762cdfffc01b7b93234d2ea9e5e2585898ad41d97a0f01a6930bf6ac7dd536?s=200&#038;d=mm&#038;r=g 2x' class='avatar avatar-100 photo' height='100' width='100' \/>\t\t\t\t\t<p>Seit 2011 praktiziert Phillip <a href=\"https:\/\/www.philliproth.de\/\">Webdesign in K\u00f6ln<\/a>. Er erstellt selbst\u00e4ndig alle seine Webseiten mit WordPress und programmiert auch Themes. Ihr findet ihn auf Twitter unter <a href=\"https:\/\/twitter.com\/prwebcare\">@prwebcare<\/a> und sein\u00a0Fotohobby\u00a0pr\u00e4sentiert er auf <a href=\"https:\/\/www.instagram.com\/philliproth\/\">Instagram<\/a>.<\/p>\n<div class=\"socialbm\"><a href=\"https:\/\/www.philliproth.de\"><img loading=\"lazy\" decoding=\"async\" class=\"alignnone size-full wp-image-471\" src=\"https:\/\/2017.cologne.wordcamp.org\/files\/2017\/08\/home.png\" alt=\"url\" width=\"56\" height=\"56\" \/><\/a><a href=\"https:\/\/twitter.com\/prwebcare\"><img loading=\"lazy\" decoding=\"async\" class=\"alignnone size-full wp-image-299\" src=\"https:\/\/2017.cologne.wordcamp.org\/files\/2017\/08\/twitter.png\" alt=\"twitter\" width=\"56\" height=\"56\" \/><\/a> <a href=\"http:\/\/profiles.wordpress.org\/philliproth\"><img loading=\"lazy\" decoding=\"async\" class=\"alignnone size-full wp-image-301\" src=\"https:\/\/2017.cologne.wordcamp.org\/files\/2017\/08\/wordpress.png\" alt=\"wordpress\" width=\"56\" height=\"56\" \/><\/a><a href=\"https:\/\/www.instagram.com\/philliproth\/\"><img loading=\"lazy\" decoding=\"async\" class=\"alignnone size-full wp-image-301\" src=\"https:\/\/2017.cologne.wordcamp.org\/files\/2017\/08\/instagram.png\" alt=\"wordpress\" width=\"56\" height=\"56\" \/><\/a>\n<\/div>\n\t\t\t\t<\/div>\n\t\t\t<\/div>\n\n\t\t\n\t\t\t<div class=\"wcorg-organizer\">\n\t\t\t\t<h2>Marc Nilius<\/h2>\n\t\t\t\t<div class=\"wcorg-organizer-description\">\n\t\t\t\t\t\t\t\t\t\t<img alt='' src='https:\/\/secure.gravatar.com\/avatar\/10bfe8375959897dc480fb17e684e35a73f73870eb4e7f9b67ebb5b5ef29cab8?s=100&#038;d=mm&#038;r=g' srcset='https:\/\/secure.gravatar.com\/avatar\/10bfe8375959897dc480fb17e684e35a73f73870eb4e7f9b67ebb5b5ef29cab8?s=200&#038;d=mm&#038;r=g 2x' class='avatar avatar-100 photo' height='100' width='100' \/>\t\t\t\t\t<p><strong>Lead Organizer WordCamp Cologne 2017<\/strong><\/p>\n<p>Marc ist Diplom-Informatiker und seit \u00fcber 15 Jahren Web-Developer. Schon vor 10 Jahren hat er WordPress eingesetzt. Seit 2015\u00a0k\u00fcmmert er sich haupts\u00e4chlich um die Themengebiete <a href=\"https:\/\/www.wp-wartung24.de\">Sicherheit und technische Wartung<\/a> und verwaltet mittlerweile \u00fcber 90 Websites f\u00fcr seine Kunden.<\/p>\n<div class=\"socialbm\"><a href=\"https:\/\/www.marcnilius.de\/\"><img loading=\"lazy\" decoding=\"async\" class=\"alignnone size-full wp-image-471\" src=\"https:\/\/2017.cologne.wordcamp.org\/files\/2017\/08\/home.png\" alt=\"url\" width=\"56\" height=\"56\" \/><\/a> <a href=\"mailto:mail@marcnilius.de\"><img loading=\"lazy\" decoding=\"async\" class=\"alignnone size-full wp-image-294\" src=\"https:\/\/2017.cologne.wordcamp.org\/files\/2017\/08\/envelope-o.png\" alt=\"mail\" width=\"56\" height=\"56\" \/><\/a> <a href=\"https:\/\/profiles.wordpress.org\/zottto\"><img loading=\"lazy\" decoding=\"async\" class=\"alignnone size-full wp-image-301\" src=\"https:\/\/2017.cologne.wordcamp.org\/files\/2017\/08\/wordpress.png\" alt=\"wordpress\" width=\"56\" height=\"56\" \/><\/a> <a href=\"https:\/\/twitter.com\/marcnilius\"><img loading=\"lazy\" decoding=\"async\" class=\"alignnone size-full wp-image-299\" src=\"https:\/\/2017.cologne.wordcamp.org\/files\/2017\/08\/twitter.png\" alt=\"twitter\" width=\"56\" height=\"56\" \/><\/a> <a href=\"https:\/\/www.facebook.com\/marc.nilius.9\/\"><img loading=\"lazy\" decoding=\"async\" class=\"alignnone size-full wp-image-291\" src=\"https:\/\/2017.cologne.wordcamp.org\/files\/2017\/08\/facebook.png\" alt=\"facebook\" width=\"56\" height=\"56\" \/><\/a> <a href=\"https:\/\/plus.google.com\/+MarcNilius\"><img loading=\"lazy\" decoding=\"async\" class=\"alignnone google size-full wp-image-470\" src=\"https:\/\/2017.cologne.wordcamp.org\/files\/2017\/08\/google-plus.png\" alt=\"googleplus\" width=\"56\" height=\"56\" \/><\/a> <a href=\"https:\/\/www.xing.com\/profile\/Marc_Nilius\/\"><img loading=\"lazy\" decoding=\"async\" class=\"alignnone size-full wp-image-302\" src=\"https:\/\/2017.cologne.wordcamp.org\/files\/2017\/08\/xing.png\" alt=\"xing\" width=\"56\" height=\"56\" \/><\/a><\/div>\n\t\t\t\t<\/div>\n\t\t\t<\/div>\n\n\t\t\n\t\t\t<div class=\"wcorg-organizer\">\n\t\t\t\t<h2>Sven Wagener<\/h2>\n\t\t\t\t<div class=\"wcorg-organizer-description\">\n\t\t\t\t\t\t\t\t\t\t<img alt='' src='https:\/\/secure.gravatar.com\/avatar\/d910fdd7595ec843abbd6e3977b31c74c60f2115eb0a4766022b7d137ec21814?s=100&#038;d=mm&#038;r=g' srcset='https:\/\/secure.gravatar.com\/avatar\/d910fdd7595ec843abbd6e3977b31c74c60f2115eb0a4766022b7d137ec21814?s=200&#038;d=mm&#038;r=g 2x' class='avatar avatar-100 photo' height='100' width='100' \/>\t\t\t\t\t<p>Sven ist Gesch\u00e4ftsf\u00fchrer der Rheinschmiede, welche sich mit der Entwicklung von Plugins und der Betreuung von WordPress Webseiten besch\u00e4ftigt. Seit dem Jahr 2008 ist er leidenschaftlicher WordPress-Fan und engagiert sich unter anderem im CMS Garden.<\/p>\n<div class=\"socialbm\"><a href=\"http:\/\/www.rheinschmiede.de\/\"><img loading=\"lazy\" decoding=\"async\" class=\"alignnone size-full wp-image-471\" src=\"https:\/\/2017.cologne.wordcamp.org\/files\/2017\/08\/home.png\" alt=\"url\" width=\"56\" height=\"56\" \/><\/a> <a href=\"http:\/\/twitter.com\/svenwagener\/\"><img loading=\"lazy\" decoding=\"async\" class=\"alignnone size-full wp-image-299\" src=\"https:\/\/2017.cologne.wordcamp.org\/files\/2017\/08\/twitter.png\" alt=\"twitter\" width=\"56\" height=\"56\" \/><\/a> <a href=\"https:\/\/www.facebook.com\/sven.wagener\/\"><img loading=\"lazy\" decoding=\"async\" class=\"alignnone size-full wp-image-291\" src=\"https:\/\/2017.cologne.wordcamp.org\/files\/2017\/08\/facebook.png\" alt=\"facebook\" width=\"56\" height=\"56\" \/><\/a> <a href=\"https:\/\/profiles.wordpress.org\/mahype\"><img loading=\"lazy\" decoding=\"async\" class=\"alignnone size-full wp-image-301\" src=\"https:\/\/2017.cologne.wordcamp.org\/files\/2017\/08\/wordpress.png\" alt=\"wordpress\" width=\"56\" height=\"56\" \/><\/a> <a href=\"https:\/\/www.xing.com\/profile\/Sven_Wagener3\"><img loading=\"lazy\" decoding=\"async\" class=\"alignnone size-full wp-image-302\" src=\"https:\/\/2017.cologne.wordcamp.org\/files\/2017\/08\/xing.png\" alt=\"xing\" width=\"56\" height=\"56\" \/><\/a><\/div>\n\t\t\t\t<\/div>\n\t\t\t<\/div>\n\n\t\t\n\t\t\t<div class=\"wcorg-organizer\">\n\t\t\t\t<h2>Thomas Br\u00fchl<\/h2>\n\t\t\t\t<div class=\"wcorg-organizer-description\">\n\t\t\t\t\t\t\t\t\t\t<img alt='' src='https:\/\/secure.gravatar.com\/avatar\/55f2188ca0c42f9f62b562fbf9747c54f088782ce3af48cf6db567bc53428ac0?s=100&#038;d=mm&#038;r=g' srcset='https:\/\/secure.gravatar.com\/avatar\/55f2188ca0c42f9f62b562fbf9747c54f088782ce3af48cf6db567bc53428ac0?s=200&#038;d=mm&#038;r=g 2x' class='avatar avatar-100 photo' height='100' width='100' \/>\t\t\t\t\t<p>Thomas ist hauptberuflich im IT-Bereich einer Versicherung als IT-Security Officer t\u00e4tig. Nebenbei k\u00fcmmert er sich um eine steigende Anzahl WordPress Installationen. Mit WordPress angefangen hat er 2004 mit seinem Blog <a href=\"https:\/\/her.ein.de\/\">her.ein.de<\/a>\u00a0und der WordPress Version 1.2 (Mingus). Er ist einer der Organisatoren des <a href=\"http:\/\/wpcgn.de\/\">WordPress Meetup K\u00f6ln<\/a> und einer der <a href=\"https:\/\/make.wordpress.org\/community\/\">WordCamp Central Deputys<\/a> f\u00fcr Europa.<\/p>\n<div class=\"socialbm\"><a href=\"https:\/\/her.ein.de\/\"><img loading=\"lazy\" decoding=\"async\" class=\"alignnone size-full wp-image-471\" src=\"https:\/\/2017.cologne.wordcamp.org\/files\/2017\/08\/home.png\" alt=\"url\" width=\"56\" height=\"56\" \/><\/a> <a href=\"mailto:thomas@bruehl.org\"><img loading=\"lazy\" decoding=\"async\" class=\"alignnone size-full wp-image-294\" src=\"https:\/\/2017.cologne.wordcamp.org\/files\/2017\/08\/envelope-o.png\" alt=\"mail\" width=\"56\" height=\"56\" \/><\/a> <a href=\"https:\/\/profiles.wordpress.org\/00sleepy\"><img loading=\"lazy\" decoding=\"async\" class=\"alignnone size-full wp-image-301\" src=\"https:\/\/2017.cologne.wordcamp.org\/files\/2017\/08\/wordpress.png\" alt=\"wordpress\" width=\"56\" height=\"56\" \/><\/a> <a href=\"https:\/\/twitter.com\/00sleepy\"><img loading=\"lazy\" decoding=\"async\" class=\"alignnone size-full wp-image-299\" src=\"https:\/\/2017.cologne.wordcamp.org\/files\/2017\/08\/twitter.png\" alt=\"twitter\" width=\"56\" height=\"56\" \/><\/a> <a href=\"https:\/\/plus.google.com\/+ThomasBr%C3%BChl\"><img loading=\"lazy\" decoding=\"async\" class=\"alignnone google size-full wp-image-470\" src=\"https:\/\/2017.cologne.wordcamp.org\/files\/2017\/08\/google-plus.png\" alt=\"googleplus\" width=\"56\" height=\"56\" \/><\/a> <a href=\"https:\/\/www.xing.com\/profile\/Thomas_Bruehl3\/\"><img loading=\"lazy\" decoding=\"async\" class=\"alignnone size-full wp-image-302\" src=\"https:\/\/2017.cologne.wordcamp.org\/files\/2017\/08\/xing.png\" alt=\"xing\" width=\"56\" height=\"56\" \/><\/a> <a href=\"https:\/\/www.flickr.com\/photos\/00Sleepy\"><img loading=\"lazy\" decoding=\"async\" class=\"alignnone size-full wp-image-292\" src=\"https:\/\/2017.cologne.wordcamp.org\/files\/2017\/08\/flickr.png\" alt=\"flickr\" width=\"56\" height=\"56\" \/><\/a> <a href=\"https:\/\/her.ein.de\/feed\/\"><img loading=\"lazy\" decoding=\"async\" class=\"alignnone size-full wp-image-295\" src=\"https:\/\/2017.cologne.wordcamp.org\/files\/2017\/08\/rss.png\" alt=\"rss\" width=\"56\" height=\"56\" \/><\/a> <a href=\"https:\/\/soundcloud.com\/00sleepy\"><img loading=\"lazy\" decoding=\"async\" class=\"alignnone size-full wp-image-297\" src=\"https:\/\/2017.cologne.wordcamp.org\/files\/2017\/08\/soundcloud.png\" alt=\"soundcloud\" width=\"56\" height=\"56\" \/><\/a> <a href=\"https:\/\/www.youtube.com\/user\/00Sleepy\"><img loading=\"lazy\" decoding=\"async\" class=\"alignnone size-full wp-image-303\" src=\"https:\/\/2017.cologne.wordcamp.org\/files\/2017\/08\/youtube.png\" alt=\"youtube\" width=\"56\" height=\"56\" \/><\/a> <a href=\"https:\/\/vimeo.com\/00sleepy\"><img loading=\"lazy\" decoding=\"async\" class=\"alignnone size-full wp-image-300\" src=\"https:\/\/2017.cologne.wordcamp.org\/files\/2017\/08\/vimeo.png\" alt=\"vimeo\" width=\"56\" height=\"56\" \/><\/a><\/div>\n\t\t\t\t<\/div>\n\t\t\t<\/div>\n\n\t\t\n\t<\/div><!-- .wcorg-organizers -->\n\t\n","protected":false},"excerpt":{"rendered":"","protected":false},"author":13675020,"featured_media":324,"parent":0,"menu_order":0,"comment_status":"closed","ping_status":"closed","template":"","meta":{"jetpack_post_was_ever_published":false,"footnotes":""},"class_list":["post-214","page","type-page","status-publish","has-post-thumbnail","hentry"],"jetpack_sharing_enabled":true,"jetpack_shortlink":"https:\/\/wp.me\/P8LZdE-3s","_links":{"self":[{"href":"https:\/\/cologne.wordcamp.org\/2017\/wp-json\/wp\/v2\/pages\/214","targetHints":{"allow":["GET"]}}],"collection":[{"href":"https:\/\/cologne.wordcamp.org\/2017\/wp-json\/wp\/v2\/pages"}],"about":[{"href":"https:\/\/cologne.wordcamp.org\/2017\/wp-json\/wp\/v2\/types\/page"}],"author":[{"embeddable":true,"href":"https:\/\/cologne.wordcamp.org\/2017\/wp-json\/wp\/v2\/users\/13675020"}],"replies":[{"embeddable":true,"href":"https:\/\/cologne.wordcamp.org\/2017\/wp-json\/wp\/v2\/comments?post=214"}],"version-history":[{"count":1,"href":"https:\/\/cologne.wordcamp.org\/2017\/wp-json\/wp\/v2\/pages\/214\/revisions"}],"predecessor-version":[{"id":215,"href":"https:\/\/cologne.wordcamp.org\/2017\/wp-json\/wp\/v2\/pages\/214\/revisions\/215"}],"wp:featuredmedia":[{"embeddable":true,"href":"https:\/\/cologne.wordcamp.org\/2017\/wp-json\/wp\/v2\/media\/324"}],"wp:attachment":[{"href":"https:\/\/cologne.wordcamp.org\/2017\/wp-json\/wp\/v2\/media?parent=214"}],"curies":[{"name":"wp","href":"https:\/\/api.w.org\/{rel}","templated":true}]}}