{"id":257,"date":"2017-07-13T20:48:21","date_gmt":"2017-07-13T20:48:21","guid":{"rendered":"https:\/\/2017.cologne.wordcamp.org\/?page_id=257"},"modified":"2017-08-02T10:03:01","modified_gmt":"2017-08-02T10:03:01","slug":"kontakt-impressum","status":"publish","type":"page","link":"https:\/\/cologne.wordcamp.org\/2017\/kontakt-impressum\/","title":{"rendered":"Kontakt \/ Impressum"},"content":{"rendered":"<h3>Schreib uns!<\/h3>\n<div data-test='contact-form'\n\t\t\tid='contact-form-257'\n\t\t\tclass='wp-block-jetpack-contact-form-container '\n\t\t\tdata-wp-interactive='jetpack\/form' data-wp-context='{\"formId\":\"257\",\"formHash\":\"0c06c829b260f2a3af88c59f084826a8f049b58c\",\"showErrors\":false,\"errors\":[],\"fields\":[],\"isMultiStep\":false,\"useAjax\":false,\"submissionData\":null,\"formattedSubmissionData\":[],\"submissionSuccess\":false,\"submissionError\":null,\"elementId\":\"jp-form-0c06c829b260f2a3af88c59f084826a8f049b58c\",\"isSingleInputForm\":false}'\n\t\t\tdata-wp-watch--scroll-to-wrapper=\"callbacks.scrollToWrapper\"\n\t\t>\n<div class=\"contact-form-submission contact-form-ajax-submission\" data-wp-bind--aria-hidden=\"state.isSuccessMessageAriaHidden\" data-wp-class--submission-success=\"context.submissionSuccess\" id=\"contact-form-success-0c06c829b260f2a3af88c59f084826a8f049b58c\" tabindex=\"-1\" aria-labelledby=\"contact-form-success-header-0c06c829b260f2a3af88c59f084826a8f049b58c\"><p class=\"go-back-message\"><a class=\"link\" role=\"button\" tabindex=\"0\" data-wp-on--click=\"actions.goBack\" href=\"\/2017\/wp-json\/wp\/v2\/pages\/257\">\u2190 Back<\/a><\/p><h4 data-wp-bind--aria-hidden=\"state.isSuccessMessageAriaHidden\" id=\"contact-form-success-header-0c06c829b260f2a3af88c59f084826a8f049b58c\">Deine Nachricht wurde gesendet<\/h4>\n\n<template data-wp-each--submission=\"context.formattedSubmissionData\">\n\t\t\t\t\t<div class=\"jetpack_forms_contact-form-success-summary\">\n\t\t\t\t\t\t<div class=\"field-name\" data-wp-text=\"context.submission.label\" data-wp-bind--hidden=\"!context.submission.label\"><\/div>\n\t\t\t\t\t\t<div class=\"field-value\" data-wp-text=\"context.submission.value\" data-wp-bind--hidden=\"!context.submission.showPlainValue\"><\/div>\n\t\t\t\t\t\t<a class=\"field-url\" data-wp-bind--href=\"context.submission.url\" data-wp-text=\"context.submission.value\" data-wp-bind--hidden=\"!context.submission.url\" target=\"_blank\" rel=\"noopener noreferrer\"><\/a>\n\t\t\t\t\t\t<div class=\"field-rating\" data-wp-bind--hidden=\"!context.submission.rating\" data-wp-watch=\"callbacks.watchRatingIcons\"><\/div>\n\t\t\t\t\t\t<div class=\"field-images\" data-wp-bind--hidden=\"!context.submission.images\">\n\t\t\t\t\t\t\t<template data-wp-each--image=\"context.submission.images\">\n\t\t\t\t\t\t\t\t<div class=\"field-image-option\" data-wp-class--is-empty=\"!context.image.src\">\n\t\t\t\t\t\t\t\t\t<figure class=\"field-image-option__image\" data-wp-class--is-empty=\"!context.image.src\">\n\t\t\t\t\t\t\t\t\t\t<img data-wp-bind--src=\"context.image.src\" data-wp-bind--hidden=\"!context.image.src\" \/>\n\t\t\t\t\t\t\t\t\t\t<img decoding=\"async\" src=\"data:image\/gif;base64,R0lGODlhAQABAAD\/ACwAAAAAAQABAAACADs=\" data-wp-bind--hidden=\"context.image.src\" \/>\n\t\t\t\t\t\t\t\t\t<\/figure>\n\t\t\t\t\t\t\t\t\t<div class=\"field-image-option__label-wrapper\">\n\t\t\t\t\t\t\t\t\t\t<span class=\"field-image-option__label-code\" data-wp-text=\"context.image.letterCode\"><\/span>\n\t\t\t\t\t\t\t\t\t\t<span class=\"field-image-option__label\" data-wp-text=\"context.image.label\" data-wp-bind--hidden=\"!context.image.label\"><\/span>\n\t\t\t\t\t\t\t\t\t<\/div>\n\t\t\t\t\t\t\t\t<\/div>\n\t\t\t\t\t\t\t<\/template>\n\t\t\t\t\t\t<\/div>\n\t\t\t\t\t\t<div class=\"field-files\" data-wp-bind--hidden=\"!context.submission.files\">\n\t\t\t\t\t\t\t<template data-wp-each--file=\"context.submission.files\">\n\t\t\t\t\t\t\t\t<div class=\"field-file\">\n\t\t\t\t\t\t\t\t\t<div class=\"field-file__thumbnail\" data-wp-style--background-image=\"context.file.previewUrl\" data-wp-style--mask-image=\"context.file.iconUrl\" data-wp-bind--hidden=\"!context.file.hasPreview\"><\/div>\n\t\t\t\t\t\t\t\t\t<svg class=\"field-file__icon\" data-wp-bind--hidden=\"context.file.hasPreview\" width=\"20\" height=\"20\" viewBox=\"0 0 24 24\" fill=\"none\" xmlns=\"http:\/\/www.w3.org\/2000\/svg\" aria-hidden=\"true\">\n\t\t\t\t\t\t\t\t\t\t<path d=\"M14 2H6C4.9 2 4 2.9 4 4V20C4 21.1 4.89 22 5.99 22H18C19.1 22 20 21.1 20 20V8L14 2ZM18 20H6V4H13V9H18V20Z\" fill=\"currentColor\"\/>\n\t\t\t\t\t\t\t\t\t<\/svg>\n\t\t\t\t\t\t\t\t\t<span class=\"field-file__name\" data-wp-text=\"context.file.name\"><\/span>\n\t\t\t\t\t\t\t\t\t<span class=\"field-file__size\" data-wp-text=\"context.file.size\"><\/span>\n\t\t\t\t\t\t\t\t<\/div>\n\t\t\t\t\t\t\t<\/template>\n\t\t\t\t\t\t<\/div>\n\t\t\t\t\t<\/div>\n\t\t\t\t<\/template><\/div><form action='https:\/\/cologne.wordcamp.org\/2017\/kontakt-impressum\/'\n\t\t\t\tid='jp-form-0c06c829b260f2a3af88c59f084826a8f049b58c'\n\t\t\t\tmethod='post'\n\t\t\t\tclass='contact-form commentsblock' aria-label=\"Kontakt \/ Impressum\"\n\t\t\t\tdata-wp-on--submit=\"actions.onFormSubmit\"\n\t\t\t\tdata-wp-on--reset=\"actions.onFormReset\"\n\t\t\t\tdata-wp-class--submission-success=\"context.submissionSuccess\"\n\t\t\t\tdata-wp-class--is-first-step=\"state.isFirstStep\"\n\t\t\t\tdata-wp-class--is-last-step=\"state.isLastStep\"\n\t\t\t\tdata-wp-class--is-ajax-form=\"context.useAjax\"\n\t\t\t\tnovalidate >\n<input type='hidden' name='jetpack_contact_form_jwt' value='eyJ0eXAiOiJKV1QiLCJhbGciOiJIUzI1NiJ9.eyJlbmNyeXB0ZWRfYXR0cmlidXRlcyI6InhLTGZwMytRdXdEL2N0YnJqaUZSNkNidjlOQnhISHJtaEhUendTeUF1RDM1ZEZETWxlbVRxczNEcHRxNy9iejJwUlZPa1FiK1UrVUFjcS9nR1VXWmVZR24xdi8vOXAzN0pZTE9NOWtuODRWdmxNSmFKcEhoZHZ1ZmdNdFZsbkF1KzhCRVRRSHBoa0NSSkkzOE8rYitEck1DNjZaWGJCUkNncDdWUy9hMEN2VDlBLzN2ZmZ6TXlZRFE0MTh3WTR3R2kyWkwrWENKTy9qQTA3d3VoWjhKUkE5NEVOb0pVdlpGYUtjMkU5czBKQll6YmVaTm5HYmJZdDRIT1JWSVlLRmlkMmY5UGh5UVFPaEJZcWNYVDM2SGxJZHluMFNoY1hSRmFpenZZQWF1YmQ0UE5CNVE3VEptcUEydGluV0w5R0Rnd1FNUGtjQ2ZBd0VFWXEvTXRXNU12d1hYK3h4K2tkZ21FMmZLbzg0U3hnWjZWRWpQWk5EWjhaVll3M3JGcWJUbkRHL2YwNlpCYlY0VlRUNmNnWGY0VUppWGUwd0FhekZBWEtraS9PQVpOcXloaSt2L29zYlV2VEJkbjl3bm92cmlZN0p2eUt1UDNLd2hEUk1ZZ01HNWd5UjJXQlN2SDZ1THdzd0RmcTkvVVdyQU4xcGlvYTliZjJodWIxZjc0cm0remlhL2RJMmV6ZE1sbEhHUU01cENXSkpLeXp2dkhTWWQ2aGc2anRkY2YvRlRoOXRER2tqM0cyZ0RkYlNZRm1taFlvRFJENEl6OHAvUWxETlJJbGkvbTM1SXIrZVpUODlyZmlhdFFQNDc4UnBNNnJ2SGJMdzJVT01LU2QwU1h6MDViNmlQRDN6TzZURms0UUdCQU92djZKbndKMHBGZVhBbmg0Q1pzUHZ1RGdkRTVYRm11eThwV1ZjaW9KSkJDUjZaQjZhOEMvMmRNYU1CMVhYK3E1Q3lwVU40WDFGeEVKRnlRYy94TEsyb25rWUd1c1preE94OVk0RWdvck90SDZ2Q1oyTW16cCtDbXZUUnp0MnhEbHVXeExRc2pGT2hxTCtlMlI2NzlqakhOa3FlRGR5UHF2VmFNRlBsZ0FpVDgwWEZrWDBwcDMxQmtTMERZNDFvNW8wT1EzOGhCZVJaTUFVQ25STWRhTjBUTndOVnlSR3E2Ympoc21iRzlHdUEiLCJjb250ZW50IjoiW2NvbnRhY3QtZmllbGQgbGFiZWw9J05hbWUnIHR5cGU9J25hbWUnIHJlcXVpcmVkPScxJy9dW2NvbnRhY3QtZmllbGQgbGFiZWw9J0UtTWFpbC9FbWFpbCcgdHlwZT0nZW1haWwnIHJlcXVpcmVkPScxJy9dW2NvbnRhY3QtZmllbGQgbGFiZWw9J05hY2hyaWNodC9NZXNzYWdlJyB0eXBlPSd0ZXh0YXJlYScgcmVxdWlyZWQ9JzEnL10iLCJoYXNoIjoiMGMwNmM4MjliMjYwZjJhM2FmODhjNTlmMDg0ODI2YThmMDQ5YjU4YyIsInNvdXJjZSI6eyJlbnRyeV90aXRsZSI6IktvbnRha3QgLyBJbXByZXNzdW0iLCJlbnRyeV9wYWdlIjoxLCJzb3VyY2VfaWQiOjI1Nywic291cmNlX3R5cGUiOiJzaW5nbGUiLCJyZXF1ZXN0X3VybCI6Imh0dHBzOi8vY29sb2duZS53b3JkY2FtcC5vcmcvMjAxNy93cC1qc29uL3dwL3YyL3BhZ2VzLzI1NyJ9LCJ2ZXJzaW9uIjoyLCJjaXBoZXIiOiJhZXMtMjU2LWdjbSJ9.X_AOz3xJV_e-BPIVM7hV9b7A7jEfwQMDbg6gzygfmE4' \/>\n\n<div style=\"\"  data-wp-interactive=\"jetpack\/form\" data-wp-context='{\"fieldId\":\"g257-name\",\"fieldType\":\"name\",\"fieldLabel\":\"Name\",\"fieldValue\":\"\",\"fieldPlaceholder\":\"\",\"fieldIsRequired\":\"1\",\"fieldErrorMessage\":\"\",\"fieldExtra\":[],\"formHash\":\"0c06c829b260f2a3af88c59f084826a8f049b58c\"}'  class='grunion-field-name-wrap grunion-field-wrap'  data-wp-init='callbacks.initializeField' data-wp-on--jetpack-form-reset='callbacks.initializeField' >\n<label\n\t\t\t\tfor='g257-name' class=\"grunion-field-label name\" >Name<span class=\"grunion-label-required\" aria-hidden=\"true\">(erforderlich)<\/span><\/label>\n<input\n\t\t\t\t\ttype='text'\n\t\t\t\t\tname='g257-name'\n\t\t\t\t\tid='g257-name'\n\t\t\t\t\tvalue=''\n\n\t\t\t\t\tdata-wp-bind--aria-invalid='state.fieldAriaInvalid'\n\t\t\t\t\tdata-wp-bind--value='state.getFieldValue'\n\t\t\t\t\taria-describedby='g257-name-text-error-message'\n\t\t\t\t\tdata-wp-on--input='actions.onFieldChange'\n\t\t\t\t\tdata-wp-on--blur='actions.onFieldBlur'\n\t\t\t\t\tdata-wp-class--has-value='state.hasFieldValue'\n\n\t\t\t\t\tclass='name  grunion-field' \n\t\t\t\t\trequired='true' aria-required='true'  \/>\n \n\t\t\t<div id=\"g257-name-text-error\" class=\"contact-form__input-error\" data-wp-class--has-errors=\"state.fieldHasErrors\">\n\t\t\t\t<span class=\"contact-form__warning-icon\" aria-hidden=\"true\">\n\t\t\t\t\t<svg width=\"16\" height=\"16\" viewBox=\"0 0 16 16\" fill=\"none\" xmlns=\"http:\/\/www.w3.org\/2000\/svg\">\n\t\t\t\t\t\t<path d=\"M8.50015 11.6402H7.50015V10.6402H8.50015V11.6402Z\" \/>\n\t\t\t\t\t\t<path d=\"M7.50015 9.64018H8.50015V6.30684H7.50015V9.64018Z\" \/>\n\t\t\t\t\t\t<path fill-rule=\"evenodd\" clip-rule=\"evenodd\" d=\"M6.98331 3.0947C7.42933 2.30177 8.57096 2.30177 9.01698 3.09469L13.8771 11.7349C14.3145 12.5126 13.7525 13.4735 12.8602 13.4735H3.14004C2.24774 13.4735 1.68575 12.5126 2.12321 11.7349L6.98331 3.0947ZM8.14541 3.58496C8.08169 3.47168 7.9186 3.47168 7.85488 3.58496L2.99478 12.2251C2.93229 12.3362 3.01257 12.4735 3.14004 12.4735H12.8602C12.9877 12.4735 13.068 12.3362 13.0055 12.2251L8.14541 3.58496Z\" \/>\n\t\t\t\t\t<\/svg>\n\t\t\t\t<\/span>\n\t\t\t\t<span data-wp-text=\"state.errorMessage\" id=\"g257-name-text-error-message\"><\/span>\n\t\t\t<\/div> \n\t<\/div>\n\n<div style=\"\"  data-wp-interactive=\"jetpack\/form\" data-wp-context='{\"fieldId\":\"g257-emailemail\",\"fieldType\":\"email\",\"fieldLabel\":\"E-Mail\\\/Email\",\"fieldValue\":\"\",\"fieldPlaceholder\":\"\",\"fieldIsRequired\":\"1\",\"fieldErrorMessage\":\"\",\"fieldExtra\":[],\"formHash\":\"0c06c829b260f2a3af88c59f084826a8f049b58c\"}'  class='grunion-field-email-wrap grunion-field-wrap'  data-wp-init='callbacks.initializeField' data-wp-on--jetpack-form-reset='callbacks.initializeField' >\n<label\n\t\t\t\tfor='g257-emailemail' class=\"grunion-field-label email\" >E-Mail\/Email<span class=\"grunion-label-required\" aria-hidden=\"true\">(erforderlich)<\/span><\/label>\n<input\n\t\t\t\t\ttype='email'\n\t\t\t\t\tname='g257-emailemail'\n\t\t\t\t\tid='g257-emailemail'\n\t\t\t\t\tvalue=''\n\n\t\t\t\t\tdata-wp-bind--aria-invalid='state.fieldAriaInvalid'\n\t\t\t\t\tdata-wp-bind--value='state.getFieldValue'\n\t\t\t\t\taria-describedby='g257-emailemail-email-error-message'\n\t\t\t\t\tdata-wp-on--input='actions.onFieldChange'\n\t\t\t\t\tdata-wp-on--blur='actions.onFieldBlur'\n\t\t\t\t\tdata-wp-class--has-value='state.hasFieldValue'\n\n\t\t\t\t\tclass='email  grunion-field' \n\t\t\t\t\trequired='true' aria-required='true'  \/>\n \n\t\t\t<div id=\"g257-emailemail-email-error\" class=\"contact-form__input-error\" data-wp-class--has-errors=\"state.fieldHasErrors\">\n\t\t\t\t<span class=\"contact-form__warning-icon\" aria-hidden=\"true\">\n\t\t\t\t\t<svg width=\"16\" height=\"16\" viewBox=\"0 0 16 16\" fill=\"none\" xmlns=\"http:\/\/www.w3.org\/2000\/svg\">\n\t\t\t\t\t\t<path d=\"M8.50015 11.6402H7.50015V10.6402H8.50015V11.6402Z\" \/>\n\t\t\t\t\t\t<path d=\"M7.50015 9.64018H8.50015V6.30684H7.50015V9.64018Z\" \/>\n\t\t\t\t\t\t<path fill-rule=\"evenodd\" clip-rule=\"evenodd\" d=\"M6.98331 3.0947C7.42933 2.30177 8.57096 2.30177 9.01698 3.09469L13.8771 11.7349C14.3145 12.5126 13.7525 13.4735 12.8602 13.4735H3.14004C2.24774 13.4735 1.68575 12.5126 2.12321 11.7349L6.98331 3.0947ZM8.14541 3.58496C8.08169 3.47168 7.9186 3.47168 7.85488 3.58496L2.99478 12.2251C2.93229 12.3362 3.01257 12.4735 3.14004 12.4735H12.8602C12.9877 12.4735 13.068 12.3362 13.0055 12.2251L8.14541 3.58496Z\" \/>\n\t\t\t\t\t<\/svg>\n\t\t\t\t<\/span>\n\t\t\t\t<span data-wp-text=\"state.errorMessage\" id=\"g257-emailemail-email-error-message\"><\/span>\n\t\t\t<\/div> \n\t<\/div>\n\n<div style=\"\"  data-wp-interactive=\"jetpack\/form\" data-wp-context='{\"fieldId\":\"g257-nachrichtmessage\",\"fieldType\":\"textarea\",\"fieldLabel\":\"Nachricht\\\/Message\",\"fieldValue\":\"\",\"fieldPlaceholder\":\"\",\"fieldIsRequired\":\"1\",\"fieldErrorMessage\":\"\",\"fieldExtra\":[],\"formHash\":\"0c06c829b260f2a3af88c59f084826a8f049b58c\"}'  class='grunion-field-textarea-wrap grunion-field-wrap'  data-wp-init='callbacks.initializeField' data-wp-on--jetpack-form-reset='callbacks.initializeField' >\n<label\n\t\t\t\tfor='contact-form-comment-g257-nachrichtmessage' class=\"grunion-field-label textarea\" >Nachricht\/Message<span class=\"grunion-label-required\" aria-hidden=\"true\">(erforderlich)<\/span><\/label>\n<textarea\n\t\t                style=''\n\t\t                name='g257-nachrichtmessage'\n\t\t                id='contact-form-comment-g257-nachrichtmessage'\n\t\t                rows='20'\n\t\t\t\t\t\tdata-wp-text='state.getFieldValue'\n\t\t\t\t\t\tdata-wp-on--input='actions.onFieldChange'\n\t\t\t\t\t\tdata-wp-on--blur='actions.onFieldBlur'\n\t\t\t\t\t\tdata-wp-class--has-value='state.hasFieldValue'\n\t\t\t\t\t\taria-describedby='g257-nachrichtmessage-textarea-error-message'\n\t\t\t\t\t\tdata-wp-bind--aria-invalid='state.fieldAriaInvalid'\n\t\t\t\t\t\tclass='textarea  grunion-field'  required aria-required='true'><\/textarea>\n \n\t\t\t<div id=\"g257-nachrichtmessage-textarea-error\" class=\"contact-form__input-error\" data-wp-class--has-errors=\"state.fieldHasErrors\">\n\t\t\t\t<span class=\"contact-form__warning-icon\" aria-hidden=\"true\">\n\t\t\t\t\t<svg width=\"16\" height=\"16\" viewBox=\"0 0 16 16\" fill=\"none\" xmlns=\"http:\/\/www.w3.org\/2000\/svg\">\n\t\t\t\t\t\t<path d=\"M8.50015 11.6402H7.50015V10.6402H8.50015V11.6402Z\" \/>\n\t\t\t\t\t\t<path d=\"M7.50015 9.64018H8.50015V6.30684H7.50015V9.64018Z\" \/>\n\t\t\t\t\t\t<path fill-rule=\"evenodd\" clip-rule=\"evenodd\" d=\"M6.98331 3.0947C7.42933 2.30177 8.57096 2.30177 9.01698 3.09469L13.8771 11.7349C14.3145 12.5126 13.7525 13.4735 12.8602 13.4735H3.14004C2.24774 13.4735 1.68575 12.5126 2.12321 11.7349L6.98331 3.0947ZM8.14541 3.58496C8.08169 3.47168 7.9186 3.47168 7.85488 3.58496L2.99478 12.2251C2.93229 12.3362 3.01257 12.4735 3.14004 12.4735H12.8602C12.9877 12.4735 13.068 12.3362 13.0055 12.2251L8.14541 3.58496Z\" \/>\n\t\t\t\t\t<\/svg>\n\t\t\t\t<\/span>\n\t\t\t\t<span data-wp-text=\"state.errorMessage\" id=\"g257-nachrichtmessage-textarea-error-message\"><\/span>\n\t\t\t<\/div>\n\t<\/div>\n\t<p class='contact-submit'>\n<div class=\"contact-form__error\" data-wp-class--show-errors=\"state.showFormErrors\"><span class=\"contact-form__warning-icon\" aria-hidden=\"true\"><i><\/i><\/span><span class=\"contact-form__error-message\" tabindex=\"-1\" data-wp-watch=\"callbacks.focusOnValidationError\" data-wp-text=\"state.getFormErrorMessage\"><\/span><ul aria-label=\"Form errors\">\n\t\t\t\t<template data-wp-each=\"state.getErrorList\" data-wp-key=\"context.item.id\">\n\t\t\t\t\t<li><a data-wp-bind--href=\"context.item.anchor\" data-wp-on--click=\"actions.scrollIntoView\" data-wp-text=\"context.item.label\"><\/a><\/li>\n\t\t\t\t<\/template>\n\t\t\t\t<\/ul><\/div><div class=\"contact-form__error\" data-wp-class--show-errors=\"state.showSubmissionError\" data-wp-text=\"context.submissionError\" tabindex=\"-1\" data-wp-watch=\"callbacks.focusOnSubmissionError\"><\/div>\t\t<button type='submit' class='pushbutton-wide'>Senden<\/button>\t\t<input type='hidden' name='contact-form-id' value='257' \/>\n\t\t<input type='hidden' name='action' value='grunion-contact-form' \/>\n\t\t<input type='hidden' name='contact-form-hash' value='0c06c829b260f2a3af88c59f084826a8f049b58c' \/>\n\t<\/p>\n<p style=\"display: none !important;\" class=\"akismet-fields-container\" data-prefix=\"ak_\"><label>&#916;<textarea name=\"ak_hp_textarea\" cols=\"45\" rows=\"8\" maxlength=\"100\"><\/textarea><\/label><input type=\"hidden\" id=\"ak_js_1\" name=\"ak_js\" value=\"51\"\/><script type=\"text\/javascript\">\n\/* <![CDATA[ *\/\ndocument.getElementById( \"ak_js_1\" ).setAttribute( \"value\", ( new Date() ).getTime() );\n\/* ]]> *\/\n<\/script>\n<\/p><\/form>\n<\/div>\n<p id=\"imprint\">&nbsp;<\/p>\n<h3>Impressum<\/h3>\n<p>WordPress Community Support, PBC<br \/>\n660 4th Street<br \/>\nSuite #119<br \/>\nSan Francisco<br \/>\nCA 94107<\/p>\n<p>Federal Tax ID: 81-0896291<\/p>\n<p><a href=\"mailto:cologne@wordcamp.org\">cologne@wordcamp.org<\/a><\/p>\n<p>&nbsp;<\/p>\n<p><strong>Headerbild:<\/strong> Marco Verch\u00a0<a href=\"http:\/\/foto.wuestenigel.com\">foto.wuestenigel.com<\/a><\/p>\n<p id=\"privacy\">&nbsp;<\/p>\n<h3>Hinweise zum Datenschutz<\/h3>\n<p>Wir nehmen den Schutz Ihrer Daten Ernst und bem\u00fchen uns grunds\u00e4tzlich, so wenige Daten wie m\u00f6glich zu erheben und zu speichern.<\/p>\n<p>Gleichwohl ist ein gewisses Ma\u00df der Speicherung und Auswertung von Benutzerdaten erforderlich, um den Betrieb dieser Website zu gew\u00e4hrleisten und zu verbessern. Eine Zuordnung von Daten zu einer bestimmten Person erfolgt dabei nicht \u2013 es sei denn, Sie sagen uns Ihren Namen, etwa in einer eMail oder \u00fcber eines unserer Kontaktformulare.<\/p>\n<p>\u00dcber die bei einem Aufruf unserer Seiten erhobenen Daten wollen wir Sie hier informieren:<\/p>\n<h4>Logfiles<\/h4>\n<p>Auf unserem Internet-Server wird, wie auf anderen Webserver auch, eine Protokolldatei gef\u00fchrt. In dieser Protokolldatei werden Datens\u00e4tze gespeichert, in denen die IP-Adresse, mit der Sie im Internet unterwegs sind, der Uhrzeit, die Daten, die Sie vom Server angefordert haben, allgemeine Angaben zu dem von Ihnen genutzten Webbrowser sowie teilweise die Website, von der aus Sie auf unser Internet-Angebot gekommen sind, verzeichnet werden. Diese Angaben werden von uns ausschlie\u00dflich zu statistischen Zwecken verwendet sowie zur weiteren Verbesserung unseres Internet-Angebots.<\/p>\n<h4>Cookies und Nutzungsprofile<\/h4>\n<p>Im Rahmen der gesetzlichen Bestimmungen k\u00f6nnen wir insbesondere zur Verbesserung unserer Dienste Nutzungsprofile unter einem Pseudonym auswerten, jedoch nur soweit Sie nicht von Ihrem gesetzlichen Recht Gebrauch gemacht haben, dieser Nutzung Ihrer Daten zu widersprechen. Ein Teil unserer Dienste erfordert es, dass wir sog. Cookies einsetzen. Cookies sind kleine Datenmengen, die Ihr Internetbrowser auf Ihrem Rechner speichert. In Cookies k\u00f6nnen Informationen \u00fcber Ihren Besuch auf unserer Website gespeichert werden.<\/p>\n<p>Die meisten Browser sind standardm\u00e4\u00dfig so eingestellt, dass sie Cookies akzeptieren. Sie k\u00f6nnen jedoch Ihren Browser so umkonfigurieren, dass er Cookies ablehnt oder vorher eine Best\u00e4tigung von Ihnen erfragt. Wenn Sie Cookies ablehnen, kann dies allerdings zur Folge haben, dass nicht alle unsere Angebote f\u00fcr Sie st\u00f6rungsfrei funktionieren.<\/p>\n<h4>eMail und Kontaktformular<\/h4>\n<p>Soweit Sie uns eine eMail senden oder \u00fcber ein Kontaktformular mit uns in Verbindung treten, werden diese Daten ebenfalls zum Zwecke der Bearbeitung gespeichert. Diese Daten unterliegen in jedem Fall dem Datenschutz. Grunds\u00e4tzlich nutzen wir die hierbei anfallenden Daten nur in dem hierzu erforderlichen Umfang zur Bearbeitung Ihrer Anfragen und Auftr\u00e4ge.<\/p>\n<h4>Soziale Netzwerke<\/h4>\n<p>Diese Website enth\u00e4lt Anbindungen an die sozialen Netzwerke von <a href=\"https:\/\/www.facebook.com\/WordCampCologne\/\/\">Facebook<\/a>, <a href=\"https:\/\/twitter.com\/WordCampCGN\/\">Twitter<\/a> und <a href=\"https:\/\/plus.google.com\/113239014662054980740\">Google+<\/a>.<\/p>\n<p>Wenn Sie die auf den dortigen Seiten angebotenen Kommentierungs- und Weiterleitungsfunktionen zu Sozialen Netzwerken (wie etwa Twitter oder Facebook) benutzen, werden von diesen Netzwerken jeweils Besucherdaten erhoben, auf deren \u00dcbermittlung, Verarbeitung,Speicherung und Nutzung wir keinen Einfluss haben. Sie k\u00f6nnen dies vermeiden, indem Sie diese Funktionen nicht benutzen.<\/p>\n<p>Die entsprechenden Funktionen von Facebook, Twitter &amp; Co. werden auf dieser Seite erst aktiviert, wenn Sie den jeweiligen Button auf unserer Seite bet\u00e4tigen. Ohne diesen &#8222;Klick&#8220; werden von keine Daten an die jeweiligen sozialen Netzwerke \u00fcbertragen.<\/p>\n<h4>Nutzung des Jetpack-Plugins der Fa. Auttomatic Inc.<\/h4>\n<p>Dieses Angebot nutzt <a href=\"http:\/\/wordpress.org\/extend\/plugins\/jetpack\/\">Jetpack<\/a> (ehemals <a href=\"http:\/\/wordpress.org\/extend\/plugins\/stats\/\">WordPress.com-Stats<\/a>), ein Tool zur statistischen Auswertung der Besucherzugriffe, betrieben von <a href=\"http:\/\/automattic.com\/\">Automattic<\/a> Inc., 60 29th Street #343, San Francisco, CA 94110-4929, USA, unter Einsatz der Trackingtechnologie von <a href=\"http:\/\/www.quantcast.com\/\">Quantcast<\/a> Inc., 201 3rd St, Floor 2, San Francisco, CA 94103-3153, USA. Hierzu werden sogenannte &#8222;Cookies&#8220; verwendet. Bei diesen &#8222;Cookies&#8220; handelt es sich um kleine Textdateien, die auf Ihrem Computer gespeichert werden und die eine Analyse der Benutzung der Website durch den jeweiligen Besucher erm\u00f6glichen. Im Rahmen der Webanalyse wird f\u00fcr Zwecke einer geographischen Benutzerstatistik auch die von den Besuchern unserer Website benutzte IP-Adresse verwendet. Allerdings wird die IP-Adresse unmittelbar nach der Verarbeitung und noch vor der Speicherung anonymisiert, so dass zwar noch eine regionale Zuordnung, aber kein R\u00fcckschluss auf den tats\u00e4chlichen Nutzer mehr m\u00f6glich ist.<\/p>\n<p>Wichtig f\u00fcr Sie: Das Speichern der Cookies kann von Ihnen generell durch eine entsprechende Einstellung Ihrer Browser-Software verhindern werden. Alternativ k\u00f6nnen Sie der Erhebung und Nutzung der Daten durch Quantcast mit Wirkung f\u00fcr die Zukunft widersprechen, indem Sie an dieser Stelle durch einen Klick \u00fcber diesen Link ein Opt-Out-Cookie in Ihrem Browser setzen: <a href=\"http:\/\/www.quantcast.com\/opt-out\">http:\/\/www.quantcast.com\/opt-out<\/a>.\u00a0Sollten Sie alle Cookies auf Ihrem Rechner l\u00f6schen, m\u00fcssen Sie das Opt-Out-Cookie erneut setzen.<\/p>\n<h4>Newsletter<\/h4>\n<p>Sofern Sie unseren Newsletter beziehen, speichern wir die von Ihnen im Rahmen des Bestellsvorgangs oder zu einem sp\u00e4teren Zeitpunkt gemachten Angaben zum Zwecke der Abwicklung des Newsletterabonnements. Grunds\u00e4tzlich nutzen wir die hierbei anfallenden Daten nur in dem hierzu erforderlichen Umfang zur Bearbeitung und Abwicklung Ihres Abonnements, Ihrer Anfragen und Auftr\u00e4ge.<\/p>\n<p>Im Rahmen unserer kostenlosen Newsletter-Angebote ist grunds\u00e4tzlich nur die Angabe der eMail-Adresse erforderlich. Alle anderen Angaben sind freiwillig und helfen uns, den Newsletter besser an den W\u00fcnschen unserer Abonnenten auszurichten.<\/p>\n<h4>Auskunft, Sperrung, L\u00f6schung<\/h4>\n<p>Sie k\u00f6nnen auf Wunsch selbstverst\u00e4ndlich jederzeit erfahren, welche Daten \u00fcber Sie bei uns gespeichert sind. Au\u00dferdem haben Sie ein Recht auf Berichtigung unrichtiger Daten sowie unter bestimmten Voraussetzungen ein Recht auf Sperrung oder L\u00f6schung von \u00fcber Sie gespeicherten Daten. Wenn Sie eines dieser <strong>Rechte<\/strong> wahrnehmen m\u00f6chten, teilen Sie uns dies bitte schriftlich unter der im Impressum angegebenen Anschrift mit.<\/p>\n","protected":false},"excerpt":{"rendered":"<p>Schreib uns! &nbsp; Impressum WordPress Community Support, PBC 660 4th Street Suite #119 San Francisco CA 94107 Federal Tax ID: 81-0896291 cologne@wordcamp.org &nbsp; Headerbild: Marco Verch\u00a0foto.wuestenigel.com &nbsp; Hinweise zum Datenschutz Wir nehmen den Schutz Ihrer Daten Ernst und bem\u00fchen uns grunds\u00e4tzlich, so wenige Daten wie m\u00f6glich zu erheben und zu speichern. Gleichwohl ist ein gewisses [&hellip;]<\/p>\n","protected":false},"author":13675020,"featured_media":324,"parent":0,"menu_order":0,"comment_status":"closed","ping_status":"closed","template":"","meta":{"jetpack_post_was_ever_published":false,"footnotes":""},"class_list":["post-257","page","type-page","status-publish","has-post-thumbnail","hentry"],"jetpack_sharing_enabled":true,"jetpack_shortlink":"https:\/\/wp.me\/P8LZdE-49","_links":{"self":[{"href":"https:\/\/cologne.wordcamp.org\/2017\/wp-json\/wp\/v2\/pages\/257","targetHints":{"allow":["GET"]}}],"collection":[{"href":"https:\/\/cologne.wordcamp.org\/2017\/wp-json\/wp\/v2\/pages"}],"about":[{"href":"https:\/\/cologne.wordcamp.org\/2017\/wp-json\/wp\/v2\/types\/page"}],"author":[{"embeddable":true,"href":"https:\/\/cologne.wordcamp.org\/2017\/wp-json\/wp\/v2\/users\/13675020"}],"replies":[{"embeddable":true,"href":"https:\/\/cologne.wordcamp.org\/2017\/wp-json\/wp\/v2\/comments?post=257"}],"version-history":[{"count":6,"href":"https:\/\/cologne.wordcamp.org\/2017\/wp-json\/wp\/v2\/pages\/257\/revisions"}],"predecessor-version":[{"id":576,"href":"https:\/\/cologne.wordcamp.org\/2017\/wp-json\/wp\/v2\/pages\/257\/revisions\/576"}],"wp:featuredmedia":[{"embeddable":true,"href":"https:\/\/cologne.wordcamp.org\/2017\/wp-json\/wp\/v2\/media\/324"}],"wp:attachment":[{"href":"https:\/\/cologne.wordcamp.org\/2017\/wp-json\/wp\/v2\/media?parent=257"}],"curies":[{"name":"wp","href":"https:\/\/api.w.org\/{rel}","templated":true}]}}