{"id":260,"date":"2017-07-13T20:49:24","date_gmt":"2017-07-13T20:49:24","guid":{"rendered":"https:\/\/2017.cologne.wordcamp.org\/?page_id=260"},"modified":"2017-10-29T21:58:37","modified_gmt":"2017-10-29T20:58:37","slug":"location","status":"publish","type":"page","link":"https:\/\/cologne.wordcamp.org\/2017\/location\/","title":{"rendered":"WordCamp Location"},"content":{"rendered":"<p>Das WordCamp\u00a0findet am <strong>Samstag, 18. November 2017,<\/strong> <strong>ab 9:00 Uhr,<\/strong> und am <strong>Sonntag, 19. November 2017,<\/strong><strong> ab 9:30 Uhr,<\/strong> in der <a href=\"http:\/\/www.hmkw.de\/hochschule\/standorte\/campus-koeln\/\"><strong>HMKW<\/strong> Hochschule f\u00fcr Medien,Kommunikation und Wirtschaft<\/a>, <strong>H\u00f6ninger Weg 139<\/strong>, 50969 K\u00f6ln, statt.<\/p>\n<p>Die <a href=\"http:\/\/www.hmkw.de\/hochschule\/standorte\/campus-koeln\/\">HMKW<\/a> liegt mitten in der K\u00f6lner S\u00fcdstadt und ist sowohl <a href=\"#bahn\">mit \u00f6ffentlichen Verkehrsmitteln<\/a> wie auch <a href=\"#auto\">mit dem Auto<\/a> gut zu erreichen.<\/p>\n<p><img loading=\"lazy\" decoding=\"async\" class=\"alignnone size-full wp-image-354\" src=\"https:\/\/2017.cologne.wordcamp.org\/files\/2017\/07\/HMKW.jpg\" alt=\"\" width=\"800\" height=\"461\" srcset=\"https:\/\/cologne.wordcamp.org\/2017\/files\/2017\/07\/HMKW.jpg 800w, https:\/\/cologne.wordcamp.org\/2017\/files\/2017\/07\/HMKW-300x173.jpg 300w, https:\/\/cologne.wordcamp.org\/2017\/files\/2017\/07\/HMKW-768x443.jpg 768w, https:\/\/cologne.wordcamp.org\/2017\/files\/2017\/07\/HMKW-500x288.jpg 500w\" sizes=\"auto, (max-width: 800px) 100vw, 800px\" \/><\/p>\n<h3>Wenn Ihr mit der Bahn anreist:<\/h3>\n<p>Die HMKW erreicht ihr mit der <strong>Stra\u00dfenbahn <\/strong>Linie 12. Sie liegt zwischen den beiden Haltestellen &#8222;<strong>Pohligstra\u00dfe<\/strong>&#8220; und &#8222;<strong>Herthastra\u00dfe<\/strong>&#8222;, von beiden Haltestellen sind es nur ca.\u00a0 3 Minuten zu Fu\u00df bis zur HMKW. Ebenso h\u00e4lt an der Haltestelle &#8222;Pohligstra\u00dfe&#8220; auch die <strong>Bus<\/strong>linie 142.<\/p>\n<p>Wenn ihr vom Hauptbahnhof anreist, fahrt ihr zuerst mit den Stra\u00dfenbahn-Linien 16 oder 18 bis zum Barbarossaplatz und steigt dort um in die Linie 12.<\/p>\n<div class=\"googlemaps\">\n\t\t\t\t<iframe loading=\"lazy\" width=\"100\" height=\"350\" frameborder=\"0\" scrolling=\"no\" marginheight=\"0\" marginwidth=\"0\"  src=\"https:\/\/www.google.com\/maps\/embed?pb=!1m18!1m12!1m3!1d2515.525792245937!2d6.941161315270487!3d50.91398997954201!2m3!1f0!2f0!3f0!3m2!1i1024!2i768!4f13.1!3m3!1m2!1s0x47bf245b57a762bd:0x8db5040da24aece9!2sHMKW%20Hochschule%20f\u00fcr%20Medien,%20Kommunikation%20und%20Wirtschaft!5e0!3m2!1sde!2sde!4v1501328385391\"><\/iframe>\n\t\t\t<\/div>\n<h3>Wenn Ihr mit dem Auto anreist:<\/h3>\n<p>Euer Auto parkt ihr am besten im <strong>Parkhaus<\/strong> der Zollstock Arkaden, Herthastra\u00dfe 4. Von dort sind es nur ca. 3 Minuten zu Fu\u00df bis zur HMKW.<\/p>\n<p>Es ist \u00fcbrigens keine gute Idee, am Samstag die Parkpl\u00e4tze unmittelbar vor der HMKW zu benutzen. Diese geh\u00f6ren zum benachbarten Einzelhandel und werden entsprechend &#8222;bewirtschaftet&#8220;.<\/p>\n","protected":false},"excerpt":{"rendered":"<p>Das WordCamp\u00a0findet am Samstag, 18. November 2017, ab 9:00 Uhr, und am Sonntag, 19. November 2017, ab 9:30 Uhr, in der HMKW Hochschule f\u00fcr Medien,Kommunikation und Wirtschaft, H\u00f6ninger Weg 139, 50969 K\u00f6ln, statt. Die HMKW liegt mitten in der K\u00f6lner S\u00fcdstadt und ist sowohl mit \u00f6ffentlichen Verkehrsmitteln wie auch mit dem Auto gut zu erreichen. [&hellip;]<\/p>\n","protected":false},"author":13675020,"featured_media":324,"parent":0,"menu_order":0,"comment_status":"closed","ping_status":"closed","template":"","meta":{"jetpack_post_was_ever_published":false,"footnotes":""},"class_list":["post-260","page","type-page","status-publish","has-post-thumbnail","hentry"],"jetpack_sharing_enabled":true,"jetpack_shortlink":"https:\/\/wp.me\/P8LZdE-4c","_links":{"self":[{"href":"https:\/\/cologne.wordcamp.org\/2017\/wp-json\/wp\/v2\/pages\/260","targetHints":{"allow":["GET"]}}],"collection":[{"href":"https:\/\/cologne.wordcamp.org\/2017\/wp-json\/wp\/v2\/pages"}],"about":[{"href":"https:\/\/cologne.wordcamp.org\/2017\/wp-json\/wp\/v2\/types\/page"}],"author":[{"embeddable":true,"href":"https:\/\/cologne.wordcamp.org\/2017\/wp-json\/wp\/v2\/users\/13675020"}],"replies":[{"embeddable":true,"href":"https:\/\/cologne.wordcamp.org\/2017\/wp-json\/wp\/v2\/comments?post=260"}],"version-history":[{"count":10,"href":"https:\/\/cologne.wordcamp.org\/2017\/wp-json\/wp\/v2\/pages\/260\/revisions"}],"predecessor-version":[{"id":1605,"href":"https:\/\/cologne.wordcamp.org\/2017\/wp-json\/wp\/v2\/pages\/260\/revisions\/1605"}],"wp:featuredmedia":[{"embeddable":true,"href":"https:\/\/cologne.wordcamp.org\/2017\/wp-json\/wp\/v2\/media\/324"}],"wp:attachment":[{"href":"https:\/\/cologne.wordcamp.org\/2017\/wp-json\/wp\/v2\/media?parent=260"}],"curies":[{"name":"wp","href":"https:\/\/api.w.org\/{rel}","templated":true}]}}