{"id":214,"date":"2017-07-13T07:46:05","date_gmt":"2017-07-13T07:46:05","guid":{"rendered":"https:\/\/2017.cologne.wordcamp.org\/?page_id=214"},"modified":"2017-07-13T07:46:05","modified_gmt":"2017-07-13T07:46:05","slug":"orga-team","status":"publish","type":"page","link":"https:\/\/cologne.wordcamp.org\/2018\/orga-team\/","title":{"rendered":"Orga-Team"},"content":{"rendered":"\t<div class=\"wcorg-organizers\">\n\n\t\t\n\t\t\t<div class=\"wcorg-organizer\">\n\t\t\t\t<h2>Sebastian Blum<\/h2>\n\t\t\t\t<div class=\"wcorg-organizer-description\">\n\t\t\t\t\t\t\t\t\t\t<img alt='' src='https:\/\/secure.gravatar.com\/avatar\/8e4002f8dcbe2b059e9117382b25cd67eeab9f4b1946721ca62ce3d3de48040e?s=100&#038;d=mm&#038;r=g' srcset='https:\/\/secure.gravatar.com\/avatar\/8e4002f8dcbe2b059e9117382b25cd67eeab9f4b1946721ca62ce3d3de48040e?s=200&#038;d=mm&#038;r=g 2x' class='avatar avatar-100 photo' height='100' width='100' \/>\t\t\t\t\t<p>Sebastian ist Scrum Master bei REWE digital. Seit vielen Jahren arbeitet er mit WordPress und interessiert sich f\u00fcr Agile, BetaCodex und Alles, was mit Organisations- und Teamentwicklung zu tun hat. Man kann Sebastian auf dem Scrumtisch K\u00f6ln, der Atlassian User Group und dem WordPress Meetup antreffen.<\/p>\n<div class=\"socialbm\">\n<p><a href=\"https:\/\/sebastianblum.koeln\/\"><img loading=\"lazy\" decoding=\"async\" class=\"alignnone size-full wp-image-471\" src=\"https:\/\/2017.cologne.wordcamp.org\/files\/2017\/08\/home.png\" alt=\"Website von Sebastian Blum\" width=\"56\" height=\"56\" \/><\/a><\/p>\n<p><a href=\"mailto:sebastian.alexander.blum@gmail.com\"><img loading=\"lazy\" decoding=\"async\" class=\"alignnone size-full wp-image-294\" src=\"https:\/\/2017.cologne.wordcamp.org\/files\/2017\/08\/envelope-o.png\" alt=\"Mail an Sebastian Blum\" width=\"56\" height=\"56\" \/><\/a><\/p>\n<p><a href=\"https:\/\/profiles.wordpress.org\/sebastianblum\"><img loading=\"lazy\" decoding=\"async\" class=\"alignnone size-full wp-image-301\" src=\"https:\/\/2017.cologne.wordcamp.org\/files\/2017\/08\/wordpress.png\" alt=\"Sebastian Blum auf WordPress.org\" width=\"56\" height=\"56\" \/><\/a><\/p>\n<p><a href=\"https:\/\/twitter.com\/sebalexblum\"><img loading=\"lazy\" decoding=\"async\" class=\"alignnone size-full wp-image-299\" src=\"https:\/\/2017.cologne.wordcamp.org\/files\/2017\/08\/twitter.png\" alt=\"Sebastian Blum auf Twitter\" width=\"56\" height=\"56\" \/><\/a><\/p>\n<p><a href=\"https:\/\/www.linkedin.com\/in\/sebastianblum\/\"><img loading=\"lazy\" decoding=\"async\" class=\"alignnone size-full wp-image-471\" src=\"https:\/\/2017.cologne.wordcamp.org\/files\/2017\/08\/linkedin.png\" alt=\"Sebastian Blum auf Twitter\" width=\"56\" height=\"56\" \/><\/a><\/p>\n<\/div>\n\t\t\t\t<\/div>\n\t\t\t<\/div>\n\n\t\t\n\t\t\t<div class=\"wcorg-organizer\">\n\t\t\t\t<h2>Udo Meisen<\/h2>\n\t\t\t\t<div class=\"wcorg-organizer-description\">\n\t\t\t\t\t\t\t\t\t\t<img alt='' src='https:\/\/secure.gravatar.com\/avatar\/557ff9519cb648e09929cff16fd6ab735943f9372b01f0dc7caa4b744444be49?s=100&#038;d=mm&#038;r=g' srcset='https:\/\/secure.gravatar.com\/avatar\/557ff9519cb648e09929cff16fd6ab735943f9372b01f0dc7caa4b744444be49?s=200&#038;d=mm&#038;r=g 2x' class='avatar avatar-100 photo' height='100' width='100' \/>\t\t\t\t\t<p>Udo arbeitet als Online-Redakteur f\u00fcr <a href=\"https:\/\/www.praetor.xyz\">juristische Informationsportale<\/a> st\u00e4ndig mit WordPress und hat WordPress seit 2005 in den verschiedensten Einsatzszenarios sch\u00e4tzen gelernt.\u00a0\u00a0Er ist einer der Co-Organisatoren des <a href=\"http:\/\/wpcgn.de\/\">WordPress Meetup K\u00f6ln<\/a> sowie des <a href=\"https:\/\/wpbn.de\/\">WordPress Meetup Bonn<\/a>.<\/p>\n<div class=\"socialbm\"><a href=\"https:\/\/www.praetor.im\"><img loading=\"lazy\" decoding=\"async\" class=\"alignnone wp-image-471 size-full\" src=\"https:\/\/2017.cologne.wordcamp.org\/files\/2017\/08\/home.png\" alt=\"url\" width=\"56\" height=\"56\" \/><\/a><a href=\"https:\/\/www.praetor.xyz\"><img loading=\"lazy\" decoding=\"async\" class=\"alignnone wp-image-471 size-full\" src=\"https:\/\/2017.cologne.wordcamp.org\/files\/2017\/08\/home.png\" alt=\"url\" width=\"56\" height=\"56\" \/><\/a> <a href=\"mailto:u.meisen@praetor.im\"><img loading=\"lazy\" decoding=\"async\" class=\"alignnone wp-image-294 size-full\" src=\"https:\/\/2017.cologne.wordcamp.org\/files\/2017\/08\/envelope-o.png\" alt=\"mail\" width=\"56\" height=\"56\" \/><\/a> <a href=\"https:\/\/profiles.wordpress.org\/praetorim\"><img loading=\"lazy\" decoding=\"async\" class=\"alignnone wp-image-301 size-full\" src=\"https:\/\/2017.cologne.wordcamp.org\/files\/2017\/08\/wordpress.png\" alt=\"wordpress\" width=\"56\" height=\"56\" \/><\/a> <a href=\"https:\/\/twitter.com\/praetorim\"><img loading=\"lazy\" decoding=\"async\" class=\"alignnone wp-image-299 size-full\" src=\"https:\/\/2017.cologne.wordcamp.org\/files\/2017\/08\/twitter.png\" alt=\"twitter\" width=\"56\" height=\"56\" \/><\/a><a href=\"https:\/\/www.facebook.com\/PraetorIntermedia\"><img loading=\"lazy\" decoding=\"async\" class=\"alignnone wp-image-291 size-full\" src=\"https:\/\/2017.cologne.wordcamp.org\/files\/2017\/08\/facebook.png\" alt=\"facebook\" width=\"56\" height=\"56\" \/><\/a><a href=\"https:\/\/twitter.com\/praetorim\"><\/a> <a href=\"https:\/\/feeds.praetor.im\/alles.php\"><img loading=\"lazy\" decoding=\"async\" class=\"alignnone wp-image-295 size-full\" src=\"https:\/\/2017.cologne.wordcamp.org\/files\/2017\/08\/rss.png\" alt=\"rss\" width=\"56\" height=\"56\" \/><\/a> <a href=\"https:\/\/www.youtube.com\/user\/rechtslupe\"><img loading=\"lazy\" decoding=\"async\" class=\"alignnone wp-image-303 size-full\" src=\"https:\/\/2017.cologne.wordcamp.org\/files\/2017\/08\/youtube.png\" alt=\"youtube\" width=\"56\" height=\"56\" \/><\/a><\/div>\n\t\t\t\t<\/div>\n\t\t\t<\/div>\n\n\t\t\n\t\t\t<div class=\"wcorg-organizer\">\n\t\t\t\t<h2>Jay Rebel<\/h2>\n\t\t\t\t<div class=\"wcorg-organizer-description\">\n\t\t\t\t\t\t\t\t\t\t<img alt='' src='https:\/\/secure.gravatar.com\/avatar\/25186b6657e3935b1890da02da05e19cd12dd550061d7509e2a13a4bb0acee31?s=100&#038;d=mm&#038;r=g' srcset='https:\/\/secure.gravatar.com\/avatar\/25186b6657e3935b1890da02da05e19cd12dd550061d7509e2a13a4bb0acee31?s=200&#038;d=mm&#038;r=g 2x' class='avatar avatar-100 photo' height='100' width='100' \/>\t\t\t\t\t<p>Jay spricht \u00fcber seelische Gesundheit und psychische Erkrankungen und hat den gemeinn\u00fctzigen Verein Zeit f\u00fcr Heldinnen e. V. gegr\u00fcndet.<\/p>\n<div class=\"socialbm\"><a href=\"https:\/\/zeitfuerheldinnen.de\/\"><img loading=\"lazy\" decoding=\"async\" class=\"alignnone wp-image-471 size-full\" src=\"https:\/\/2017.cologne.wordcamp.org\/files\/2017\/08\/home.png\" alt=\"url\" width=\"56\" height=\"56\" \/><\/a><a href=\"mailto:kontakt@zeitfuerheldinnen.de\"><img loading=\"lazy\" decoding=\"async\" class=\"alignnone wp-image-294 size-full\" src=\"https:\/\/2017.cologne.wordcamp.org\/files\/2017\/08\/envelope-o.png\" alt=\"mail\" width=\"56\" height=\"56\" \/><\/a><a href=\"https:\/\/zeitfuerheldinnen.de\/feed\/\"><img loading=\"lazy\" decoding=\"async\" class=\"alignnone wp-image-295 size-full\" src=\"https:\/\/2017.cologne.wordcamp.org\/files\/2017\/08\/rss.png\" alt=\"rss\" width=\"56\" height=\"56\" \/><\/a><\/div>\n\t\t\t\t<\/div>\n\t\t\t<\/div>\n\n\t\t\n\t\t\t<div class=\"wcorg-organizer\">\n\t\t\t\t<h2>Thomas Br\u00fchl<\/h2>\n\t\t\t\t<div class=\"wcorg-organizer-description\">\n\t\t\t\t\t\t\t\t\t\t<img alt='' src='https:\/\/secure.gravatar.com\/avatar\/55f2188ca0c42f9f62b562fbf9747c54f088782ce3af48cf6db567bc53428ac0?s=100&#038;d=mm&#038;r=g' srcset='https:\/\/secure.gravatar.com\/avatar\/55f2188ca0c42f9f62b562fbf9747c54f088782ce3af48cf6db567bc53428ac0?s=200&#038;d=mm&#038;r=g 2x' class='avatar avatar-100 photo' height='100' width='100' \/>\t\t\t\t\t<p>Thomas ist hauptberuflich bei einem Versicherungskonzern als Information Security Officer (ISO) t\u00e4tig. Nebenbei k\u00fcmmert er sich um eine steigende Anzahl WordPress Installationen. Mit WordPress angefangen hat er 2004 mit seinem Blog <a href=\"https:\/\/her.ein.de\/\">her.ein.de<\/a>\u00a0und der WordPress Version 1.2 (Mingus). Er ist einer der Organisatoren des <a href=\"http:\/\/wpcgn.de\/\">WordPress Meetup K\u00f6ln<\/a> und einer der <a href=\"https:\/\/make.wordpress.org\/community\/\">WordCamp Central Deputys<\/a> f\u00fcr Europa.<\/p>\n<div class=\"socialbm\"><a href=\"https:\/\/her.ein.de\/\"><img loading=\"lazy\" decoding=\"async\" class=\"alignnone size-full wp-image-471\" src=\"https:\/\/2017.cologne.wordcamp.org\/files\/2017\/08\/home.png\" alt=\"url\" width=\"56\" height=\"56\" \/><\/a> <a href=\"mailto:thomas@bruehl.org\"><img loading=\"lazy\" decoding=\"async\" class=\"alignnone size-full wp-image-294\" src=\"https:\/\/2017.cologne.wordcamp.org\/files\/2017\/08\/envelope-o.png\" alt=\"mail\" width=\"56\" height=\"56\" \/><\/a> <a href=\"https:\/\/profiles.wordpress.org\/00sleepy\"><img loading=\"lazy\" decoding=\"async\" class=\"alignnone size-full wp-image-301\" src=\"https:\/\/2017.cologne.wordcamp.org\/files\/2017\/08\/wordpress.png\" alt=\"wordpress\" width=\"56\" height=\"56\" \/><\/a> <a href=\"https:\/\/twitter.com\/00sleepy\"><img loading=\"lazy\" decoding=\"async\" class=\"alignnone size-full wp-image-299\" src=\"https:\/\/2017.cologne.wordcamp.org\/files\/2017\/08\/twitter.png\" alt=\"twitter\" width=\"56\" height=\"56\" \/><\/a> <a href=\"https:\/\/plus.google.com\/+ThomasBr%C3%BChl\"><img loading=\"lazy\" decoding=\"async\" class=\"alignnone google size-full wp-image-470\" src=\"https:\/\/2017.cologne.wordcamp.org\/files\/2017\/08\/google-plus.png\" alt=\"googleplus\" width=\"56\" height=\"56\" \/><\/a> <a href=\"https:\/\/www.xing.com\/profile\/Thomas_Bruehl3\/\"><img loading=\"lazy\" decoding=\"async\" class=\"alignnone size-full wp-image-302\" src=\"https:\/\/2017.cologne.wordcamp.org\/files\/2017\/08\/xing.png\" alt=\"xing\" width=\"56\" height=\"56\" \/><\/a> <a href=\"https:\/\/www.flickr.com\/photos\/00Sleepy\"><img loading=\"lazy\" decoding=\"async\" class=\"alignnone size-full wp-image-292\" src=\"https:\/\/2017.cologne.wordcamp.org\/files\/2017\/08\/flickr.png\" alt=\"flickr\" width=\"56\" height=\"56\" \/><\/a> <a href=\"https:\/\/her.ein.de\/feed\/\"><img loading=\"lazy\" decoding=\"async\" class=\"alignnone size-full wp-image-295\" src=\"https:\/\/2017.cologne.wordcamp.org\/files\/2017\/08\/rss.png\" alt=\"rss\" width=\"56\" height=\"56\" \/><\/a> <a href=\"https:\/\/soundcloud.com\/00sleepy\"><img loading=\"lazy\" decoding=\"async\" class=\"alignnone size-full wp-image-297\" src=\"https:\/\/2017.cologne.wordcamp.org\/files\/2017\/08\/soundcloud.png\" alt=\"soundcloud\" width=\"56\" height=\"56\" \/><\/a> <a href=\"https:\/\/www.youtube.com\/user\/00Sleepy\"><img loading=\"lazy\" decoding=\"async\" class=\"alignnone size-full wp-image-303\" src=\"https:\/\/2017.cologne.wordcamp.org\/files\/2017\/08\/youtube.png\" alt=\"youtube\" width=\"56\" height=\"56\" \/><\/a> <a href=\"https:\/\/vimeo.com\/00sleepy\"><img loading=\"lazy\" decoding=\"async\" class=\"alignnone size-full wp-image-300\" src=\"https:\/\/2017.cologne.wordcamp.org\/files\/2017\/08\/vimeo.png\" alt=\"vimeo\" width=\"56\" height=\"56\" \/><\/a><\/div>\n\t\t\t\t<\/div>\n\t\t\t<\/div>\n\n\t\t\n\t\t\t<div class=\"wcorg-organizer\">\n\t\t\t\t<h2>Tobias Fritz<\/h2>\n\t\t\t\t<div class=\"wcorg-organizer-description\">\n\t\t\t\t\t\t\t\t\t\t<img alt='' src='https:\/\/secure.gravatar.com\/avatar\/cc38f67f73ebe826b69380bbf15932027323c046f74fc1a39bf830d319e587ed?s=100&#038;d=mm&#038;r=g' srcset='https:\/\/secure.gravatar.com\/avatar\/cc38f67f73ebe826b69380bbf15932027323c046f74fc1a39bf830d319e587ed?s=200&#038;d=mm&#038;r=g 2x' class='avatar avatar-100 photo' height='100' width='100' \/>\t\t\t\t\t<p>Tobias ist Gesch\u00e4ftsf\u00fchrer der Internet- und Werbeagentur <a href=\"https:\/\/e-colori.com\/\">e-colori.com<\/a> mit Sitz in Bornheim und B\u00fcror\u00e4umen in K\u00f6ln, 2004 gegr\u00fcndet.\u00a0Er liebt es Kunden mit\u00a0WordPress gl\u00fccklich zu machen. Dabei geht er auf individuelle W\u00fcnsche ein und entwickelt auch WordPress Plugins. Er liebt das K\u00f6ln und Bonner WordPress Meetup und die ganze Community!<\/p>\n<div class=\"socialbm\"><a href=\"https:\/\/e-colori.com\/\"><img loading=\"lazy\" decoding=\"async\" class=\"alignnone wp-image-471 size-full\" src=\"https:\/\/2017.cologne.wordcamp.org\/files\/2017\/08\/home.png\" alt=\"Homepage Tobias Fritz \/ e-colori.com\" width=\"56\" height=\"56\" \/><\/a><a href=\"mailto:t.fritz@e-colori.com\"><img loading=\"lazy\" decoding=\"async\" class=\"alignnone wp-image-294 size-full\" src=\"https:\/\/2017.cologne.wordcamp.org\/files\/2017\/08\/envelope-o.png\" alt=\"mail\" width=\"56\" height=\"56\" \/><\/a><a href=\"https:\/\/profiles.wordpress.org\/e-colori\"><img loading=\"lazy\" decoding=\"async\" class=\"alignnone wp-image-301 size-full\" src=\"https:\/\/2017.cologne.wordcamp.org\/files\/2017\/08\/wordpress.png\" alt=\"Tobias Fritz \/ e-colori.com auf WordPress\" width=\"56\" height=\"56\" \/><\/a><a href=\"https:\/\/twitter.com\/e_colori\"><img loading=\"lazy\" decoding=\"async\" class=\"alignnone wp-image-299 size-full\" src=\"https:\/\/2017.cologne.wordcamp.org\/files\/2017\/08\/twitter.png\" alt=\"Tobias Fritz \/ e-colori.com auf twitter\" width=\"56\" height=\"56\" \/><\/a><a href=\"https:\/\/www.xing.com\/profile\/Tobias_FRITZ\"><img loading=\"lazy\" decoding=\"async\" class=\"alignnone wp-image-302 size-full\" src=\"https:\/\/2017.cologne.wordcamp.org\/files\/2017\/08\/xing.png\" alt=\"Tobias Fritz auf xing\" width=\"56\" height=\"56\" \/><\/a><a href=\"https:\/\/www.linkedin.com\/in\/tobias-fritz\"><img loading=\"lazy\" decoding=\"async\" class=\"alignnone wp-image-471 size-full\" src=\"https:\/\/2017.cologne.wordcamp.org\/files\/2017\/08\/linkedin.png\" alt=\"Tobias Fritz auf linkedin\" width=\"56\" height=\"56\" \/><\/a><a href=\"http:\/\/e-colori.com\/feed\"><img loading=\"lazy\" decoding=\"async\" class=\"alignnone wp-image-295 size-full\" src=\"https:\/\/2017.cologne.wordcamp.org\/files\/2017\/08\/rss.png\" alt=\"rss\" width=\"56\" height=\"56\" \/><\/a><\/div>\n<div><\/div>\n<div>\n<div class=\"socialbm\"><\/div>\n<\/div>\n\t\t\t\t<\/div>\n\t\t\t<\/div>\n\n\t\t\n\t\t\t<div class=\"wcorg-organizer\">\n\t\t\t\t<h2>Sven Wagener<\/h2>\n\t\t\t\t<div class=\"wcorg-organizer-description\">\n\t\t\t\t\t\t\t\t\t\t<img alt='' src='https:\/\/secure.gravatar.com\/avatar\/d910fdd7595ec843abbd6e3977b31c74c60f2115eb0a4766022b7d137ec21814?s=100&#038;d=mm&#038;r=g' srcset='https:\/\/secure.gravatar.com\/avatar\/d910fdd7595ec843abbd6e3977b31c74c60f2115eb0a4766022b7d137ec21814?s=200&#038;d=mm&#038;r=g 2x' class='avatar avatar-100 photo' height='100' width='100' \/>\t\t\t\t\t<p>Sven ist Gesch\u00e4ftsleiter der Awesome UG, welche sich mit der Entwicklung von Plugins und der Betreuung von WordPress Webseiten besch\u00e4ftigt. Seit dem Jahr 2008 ist er leidenschaftlicher WordPress-Fan und engagiert sich unter anderem im CMS Garden.<\/p>\n<div class=\"socialbm\"><a href=\"http:\/\/www.rheinschmiede.de\/\"><img loading=\"lazy\" decoding=\"async\" class=\"alignnone size-full wp-image-471\" src=\"https:\/\/2017.cologne.wordcamp.org\/files\/2017\/08\/home.png\" alt=\"url\" width=\"56\" height=\"56\" \/><\/a> <a href=\"http:\/\/twitter.com\/svenwagener\/\"><img loading=\"lazy\" decoding=\"async\" class=\"alignnone size-full wp-image-299\" src=\"https:\/\/2017.cologne.wordcamp.org\/files\/2017\/08\/twitter.png\" alt=\"twitter\" width=\"56\" height=\"56\" \/><\/a> <a href=\"https:\/\/www.facebook.com\/sven.wagener\/\"><img loading=\"lazy\" decoding=\"async\" class=\"alignnone size-full wp-image-291\" src=\"https:\/\/2017.cologne.wordcamp.org\/files\/2017\/08\/facebook.png\" alt=\"facebook\" width=\"56\" height=\"56\" \/><\/a> <a href=\"https:\/\/profiles.wordpress.org\/mahype\"><img loading=\"lazy\" decoding=\"async\" class=\"alignnone size-full wp-image-301\" src=\"https:\/\/2017.cologne.wordcamp.org\/files\/2017\/08\/wordpress.png\" alt=\"wordpress\" width=\"56\" height=\"56\" \/><\/a> <a href=\"https:\/\/www.xing.com\/profile\/Sven_Wagener3\"><img loading=\"lazy\" decoding=\"async\" class=\"alignnone size-full wp-image-302\" src=\"https:\/\/2017.cologne.wordcamp.org\/files\/2017\/08\/xing.png\" alt=\"xing\" width=\"56\" height=\"56\" \/><\/a><\/div>\n\t\t\t\t<\/div>\n\t\t\t<\/div>\n\n\t\t\n\t<\/div><!-- .wcorg-organizers -->\n\t\n","protected":false},"excerpt":{"rendered":"","protected":false},"author":14244452,"featured_media":324,"parent":0,"menu_order":0,"comment_status":"closed","ping_status":"closed","template":"","meta":{"jetpack_post_was_ever_published":false,"footnotes":""},"class_list":["post-214","page","type-page","status-publish","has-post-thumbnail","hentry"],"jetpack_sharing_enabled":true,"jetpack_shortlink":"https:\/\/wp.me\/Pa9Ali-3s","_links":{"self":[{"href":"https:\/\/cologne.wordcamp.org\/2018\/wp-json\/wp\/v2\/pages\/214","targetHints":{"allow":["GET"]}}],"collection":[{"href":"https:\/\/cologne.wordcamp.org\/2018\/wp-json\/wp\/v2\/pages"}],"about":[{"href":"https:\/\/cologne.wordcamp.org\/2018\/wp-json\/wp\/v2\/types\/page"}],"author":[{"embeddable":true,"href":"https:\/\/cologne.wordcamp.org\/2018\/wp-json\/wp\/v2\/users\/14244452"}],"replies":[{"embeddable":true,"href":"https:\/\/cologne.wordcamp.org\/2018\/wp-json\/wp\/v2\/comments?post=214"}],"version-history":[{"count":0,"href":"https:\/\/cologne.wordcamp.org\/2018\/wp-json\/wp\/v2\/pages\/214\/revisions"}],"wp:featuredmedia":[{"embeddable":true,"href":"https:\/\/cologne.wordcamp.org\/2018\/wp-json\/"}],"wp:attachment":[{"href":"https:\/\/cologne.wordcamp.org\/2018\/wp-json\/wp\/v2\/media?parent=214"}],"curies":[{"name":"wp","href":"https:\/\/api.w.org\/{rel}","templated":true}]}}