{"id":251,"date":"2017-07-13T20:46:16","date_gmt":"2017-07-13T20:46:16","guid":{"rendered":"https:\/\/2017.cologne.wordcamp.org\/?page_id=251"},"modified":"2018-08-31T14:52:04","modified_gmt":"2018-08-31T12:52:04","slug":"richtlinien","status":"publish","type":"page","link":"https:\/\/cologne.wordcamp.org\/2018\/richtlinien\/","title":{"rendered":"Richtlinien"},"content":{"rendered":"<h3>Vereinbarung zwischen dem WordCamp-Ver\u00adan\u00adstal\u00adter sowie den\u00a0Referentinnen, Sponsoren und Freiwilligen<\/h3>\n<ol>\n<li>Mir ist bewusst, dass WordCamps durch Live-Veranstaltungen die lokale WordPress-Community f\u00f6rdern sollen. Das Teilen von Online-Videos und anderer Materialien soll ebenfalls die Community unterst\u00fctzen.<\/li>\n<li>Ich wei\u00df, dass ein WordCamp eine ungezwungene, lokale und ehrenamtlich organisierte Veranstaltung ist, die sich auf WordPress konzentriert und die lokale WordPress-Community widerspiegelt, die es verk\u00f6rpert.<\/li>\n<li>Mir ist bewusst, dass von WordCamp-OrganisatorInnen, ReferentInnen, Sponsoren und Freiwilligen erwartet wird, dass sie das WordPress-Projekt und dessen Grunds\u00e4tze unterst\u00fctzen.<\/li>\n<li>Ich respektiere die Grunds\u00e4tze des WordPress-Projekts, die wie folgt lauten:\n<ul>\n<li>Keine Diskriminierung auf Grundlage von wirtschaftlichem oder sozialem Status, Rasse, Hautfarbe, ethnischer Herkunft, Nationalit\u00e4t, Glauben, Religion, politischer \u00dcberzeugung, Geschlecht, sexueller Orientierung, Familienstand, Alter oder Behinderung<\/li>\n<li>Keine Anstiftung zur Gewalt oder F\u00f6rderung des Hasses<\/li>\n<li>Keine Spammer<\/li>\n<li>Respektieren der Marke WordPress<\/li>\n<li>\u00dcbernahme der WordPress-Lizenz. Beim Vertrieb von aus WordPress abgeleiteten Werken (Themes, Plugins, WP-Distributionen), sollte jede Person \/ jedes Unternehmen, welches offiziell mit dem WordCamp assoziiert ist, ihren Nutzern die gleichen Freiheiten einr\u00e4umen, die WordPress selbst gew\u00e4hrt: 100% GPL oder eine kompatible Lizenz, die gleichen Richtlinien, denen wir auf WordPress.org folgen.<\/li>\n<li>keine F\u00f6rderung von Unternehmen oder Personen, die von WordPress abgeleitete Werke verbreiten, die nicht 100% GPL kompatibel sind.<\/li>\n<\/ul>\n<\/li>\n<li>Ich erkenne an, dass WordCamps nicht-profitorientierte Veranstaltungen sind, die mit Budget- und Finanzierungstransparenz ausgerichtet werden.<\/li>\n<li>Ich stimme zu, dass WordCamps so vielen Menschen wie m\u00f6glich zug\u00e4nglich sein sollen, unabh\u00e4ngig von deren finanzieller Situation.<\/li>\n<li>Ich bin damit einverstanden, die auf WordCamp.org gesammelten und gespeicherten sensiblen pers\u00f6nlichen Daten gem\u00e4\u00df der Datenschutzrichtlinie von WordPress.org zu sch\u00fctzen.<\/li>\n<li>Ich verstehe, dass Daten, die meine Teilnahme als WordCamp-Organisator, Sprecher, Sponsor und\/oder Freiwilliger betreffen, auf unbestimmte Zeit gespeichert werden, um die Geschichte des WordPress Open-Source-Projekts zu bewahren.<\/li>\n<li>Ich best\u00e4tige, dass ich kein\/e MitarbeiterIn der WordPress Foundation bin und am WordCamp ausschlie\u00dflich als Freiwillige\/r teilnehme.<\/li>\n<\/ol>\n<p><em>Die \u00dcbersetzung wurde vom WordCamp Hamburg 2014 Team erstellt, Quelle:<\/em><\/p>\n<p><a href=\"http:\/\/2014.hamburg.wordcamp.org\/ueber\/wordcamp-guidelines\/\" target=\"_blank\" rel=\"noopener\">http:\/\/2014.hamburg.wordcamp.org\/ueber\/wordcamp-guidelines\/<\/a><br \/>\n<a href=\"http:\/\/plan.wordcamp.org\/agreement-among-wordcamp-organizers-speakers-sponsors-and-volunteers\/\" target=\"_blank\" rel=\"noopener\">http:\/\/plan.wordcamp.org\/agreement-among-wordcamp-organizers-speakers-sponsors-and-volunteers\/<\/a><\/p>\n","protected":false},"excerpt":{"rendered":"<p>Vereinbarung zwischen dem WordCamp-Ver\u00adan\u00adstal\u00adter sowie den\u00a0Referentinnen, Sponsoren und Freiwilligen Mir ist bewusst, dass WordCamps durch Live-Veranstaltungen die lokale WordPress-Community f\u00f6rdern sollen. Das Teilen von Online-Videos und anderer Materialien soll ebenfalls die Community unterst\u00fctzen. Ich wei\u00df, dass ein WordCamp eine ungezwungene, lokale und ehrenamtlich organisierte Veranstaltung ist, die sich auf WordPress konzentriert und die lokale WordPress-Community [&hellip;]<\/p>\n","protected":false},"author":14244452,"featured_media":324,"parent":0,"menu_order":0,"comment_status":"closed","ping_status":"closed","template":"","meta":{"jetpack_post_was_ever_published":false,"footnotes":""},"class_list":["post-251","page","type-page","status-publish","has-post-thumbnail","hentry"],"jetpack_sharing_enabled":true,"jetpack_shortlink":"https:\/\/wp.me\/Pa9Ali-43","_links":{"self":[{"href":"https:\/\/cologne.wordcamp.org\/2018\/wp-json\/wp\/v2\/pages\/251","targetHints":{"allow":["GET"]}}],"collection":[{"href":"https:\/\/cologne.wordcamp.org\/2018\/wp-json\/wp\/v2\/pages"}],"about":[{"href":"https:\/\/cologne.wordcamp.org\/2018\/wp-json\/wp\/v2\/types\/page"}],"author":[{"embeddable":true,"href":"https:\/\/cologne.wordcamp.org\/2018\/wp-json\/wp\/v2\/users\/14244452"}],"replies":[{"embeddable":true,"href":"https:\/\/cologne.wordcamp.org\/2018\/wp-json\/wp\/v2\/comments?post=251"}],"version-history":[{"count":1,"href":"https:\/\/cologne.wordcamp.org\/2018\/wp-json\/wp\/v2\/pages\/251\/revisions"}],"predecessor-version":[{"id":2666,"href":"https:\/\/cologne.wordcamp.org\/2018\/wp-json\/wp\/v2\/pages\/251\/revisions\/2666"}],"wp:featuredmedia":[{"embeddable":true,"href":"https:\/\/cologne.wordcamp.org\/2018\/wp-json\/"}],"wp:attachment":[{"href":"https:\/\/cologne.wordcamp.org\/2018\/wp-json\/wp\/v2\/media?parent=251"}],"curies":[{"name":"wp","href":"https:\/\/api.w.org\/{rel}","templated":true}]}}