{"id":2765,"date":"2018-09-03T12:35:03","date_gmt":"2018-09-03T10:35:03","guid":{"rendered":"https:\/\/2018.cologne.wordcamp.org\/?page_id=2765"},"modified":"2018-09-03T12:35:04","modified_gmt":"2018-09-03T10:35:04","slug":"contributor-day-2","status":"publish","type":"page","link":"https:\/\/cologne.wordcamp.org\/2018\/contributor-day-2\/","title":{"rendered":"Contributor Day"},"content":{"rendered":"\n<p class=\"wp-block-paragraph\">Zu jedem richtigen WordCamp geh\u00f6rt auch ein Contributor Day. \ud83d\ude09<\/p>\n\n\n\n<p class=\"wp-block-paragraph\">Und f\u00fcr alle, die neu dabei sind und nicht wissen, was es damit auf sich hat, sei es hier kurz erkl\u00e4rt: Der Contributor Day ist ein Tag an dem die Community gemeinsam am OpenSource Projekt WordPress arbeitet und etwas f\u00fcr alle zur\u00fcckgibt. Und zu tun gibt es genug: von der Mitarbeit am Core \u00fcber Planungen f\u00fcr die Community bis zu den \u00dcbersetzungen &#8211; \u00fcberall ist Eure Hilfe gefragt. Und keine Scheu:\u00a0 wirklich jeder kann mithelfen, auch wenn er nicht programmieren kann.<\/p>\n\n\n\n<p class=\"wp-block-paragraph\">Wer eine ausf\u00fchrlichere Info sucht, dem empfehlen wir den Vortrag von Thomas auf dem WordCamp Frankfurt 2016:<\/p>\n\n\n\n<figure class=\"wp-block-embed-videopress wp-block-embed is-type-video is-provider-videopress\">\n<iframe title=\"VideoPress Video Player\" aria-label='VideoPress Video Player' width='640' height='360' src='https:\/\/video.wordpress.com\/embed\/F8ddN9G9?hd=0&amp;cover=1' frameborder='0' allowfullscreen allow='clipboard-write'><\/iframe><script src='https:\/\/v0.wordpress.com\/js\/next\/videopress-iframe.js?m=1674852142'><\/script>\n<\/figure>\n\n\n\n<p class=\"wp-block-paragraph\">Und nat\u00fcrlich wird es auch beim diej\u00e4hrigen K\u00f6lner WordCamp wieder einen Contributor Day geben: Diesmal treffen wir uns am Tag nach dem eigentlichen WordCamp, also am Sonntag den 21. Oktober 2018 zum Contributor Day in der HMKW <a href=\"http:\/\/www.hmkw.de\/hochschule\/standorte\/campus-koeln\/\">Hochschule f\u00fcr Medien, Kommunikation und Wirtschaft<\/a>, also am gleichen Ort, wo am Tag zuvor das WordCamp stattgefunden hat. <\/p>\n\n\n\n<p class=\"wp-block-paragraph\">Also denk daran beim <a href=\"https:\/\/2018.cologne.wordcamp.org\/tickets\/\">Ticketkauf<\/a>: L\u00f6s auch direkt dein kostenloses Ticket f\u00fcr den Contributor Day!<\/p>\n","protected":false},"excerpt":{"rendered":"<p>Zu jedem richtigen WordCamp geh\u00f6rt auch ein Contributor Day. \ud83d\ude09 Und f\u00fcr alle, die neu dabei sind und nicht wissen, was es damit auf sich hat, sei es hier kurz erkl\u00e4rt: Der Contributor Day ist ein Tag an dem die Community gemeinsam am OpenSource Projekt WordPress arbeitet und etwas f\u00fcr alle zur\u00fcckgibt. Und zu tun [&hellip;]<\/p>\n","protected":false},"author":14244452,"featured_media":0,"parent":0,"menu_order":0,"comment_status":"closed","ping_status":"closed","template":"","meta":{"_crdt_document":"","jetpack_post_was_ever_published":false,"footnotes":""},"class_list":["post-2765","page","type-page","status-publish","hentry"],"jetpack_sharing_enabled":true,"jetpack_shortlink":"https:\/\/wp.me\/Pa9Ali-IB","_links":{"self":[{"href":"https:\/\/cologne.wordcamp.org\/2018\/wp-json\/wp\/v2\/pages\/2765","targetHints":{"allow":["GET"]}}],"collection":[{"href":"https:\/\/cologne.wordcamp.org\/2018\/wp-json\/wp\/v2\/pages"}],"about":[{"href":"https:\/\/cologne.wordcamp.org\/2018\/wp-json\/wp\/v2\/types\/page"}],"author":[{"embeddable":true,"href":"https:\/\/cologne.wordcamp.org\/2018\/wp-json\/wp\/v2\/users\/14244452"}],"replies":[{"embeddable":true,"href":"https:\/\/cologne.wordcamp.org\/2018\/wp-json\/wp\/v2\/comments?post=2765"}],"version-history":[{"count":2,"href":"https:\/\/cologne.wordcamp.org\/2018\/wp-json\/wp\/v2\/pages\/2765\/revisions"}],"predecessor-version":[{"id":2767,"href":"https:\/\/cologne.wordcamp.org\/2018\/wp-json\/wp\/v2\/pages\/2765\/revisions\/2767"}],"wp:attachment":[{"href":"https:\/\/cologne.wordcamp.org\/2018\/wp-json\/wp\/v2\/media?parent=2765"}],"curies":[{"name":"wp","href":"https:\/\/api.w.org\/{rel}","templated":true}]}}